{"id":998,"date":"2020-03-15T10:10:18","date_gmt":"2020-03-15T10:10:18","guid":{"rendered":"http:\/\/www.agr1beja.pt\/?page_id=998"},"modified":"2025-04-17T11:23:09","modified_gmt":"2025-04-17T11:23:09","slug":"recursos","status":"publish","type":"page","link":"https:\/\/www.agr1beja.pt\/?page_id=998","title":{"rendered":"Recursos Educativos"},"content":{"rendered":"<div class=\"wp-block-image\">\n<figure class=\"aligncenter is-resized\"><img loading=\"lazy\" decoding=\"async\" width=\"500\" height=\"232\" src=\"http:\/\/www.agr1beja.pt\/wp-content\/uploads\/recursos_educativos.jpg\" alt=\"\" class=\"wp-image-1004\" style=\"width:388px;height:auto\" srcset=\"https:\/\/www.agr1beja.pt\/wp-content\/uploads\/recursos_educativos.jpg 500w, https:\/\/www.agr1beja.pt\/wp-content\/uploads\/recursos_educativos-300x139.jpg 300w, https:\/\/www.agr1beja.pt\/wp-content\/uploads\/recursos_educativos-360x167.jpg 360w\" sizes=\"(max-width: 500px) 100vw, 500px\" \/><\/figure><\/div>\n\n\n<p style=\"font-size:19px\">Recursos educativos <em>online<\/em> para os v\u00e1rios ciclos de forma\u00e7\u00e3o.<br><strong>Todas as p\u00e1ginas apresentadas, externas ao Agrupamento de Escolas n.\u00ba1 de Beja, s\u00e3o da responsabilidade dos seus autores.<\/strong><br>Todos os docentes poder\u00e3o contribuir para o enriquecimento desta lista de recursos, atrav\u00e9s do correio electr\u00f3nico <a href=\"comunicacao@agr1beja.pt\">comunicacao@agr1beja.pt<\/a>.<\/p>\n\n\n\n<p class=\"post-blue has-medium-font-size\"><strong>Pr\u00e9 Escolar<\/strong><br><a aria-label=\"Ingl\u00eas - Uma forma divertida de aprender a l\u00edngua (Super Simple) (opens in a new tab)\" href=\"https:\/\/supersimple.com\/\" target=\"_blank\" rel=\"noreferrer noopener\">Ingl\u00eas &#8211; Uma forma divertida de aprender a l\u00edngua (Super Simple<\/a>)<br><a aria-label=\"Ingl\u00eas - LearnEnglish Kids (opens in a new tab)\" href=\"https:\/\/learnenglishkids.britishcouncil.org\/\" target=\"_blank\" rel=\"noreferrer noopener\">Ingl\u00eas &#8211; LearnEnglish Kids<\/a><br><a aria-label=\"Ideia Criativa (opens in a new tab)\" href=\"https:\/\/www.ideiacriativa.org\/\" target=\"_blank\" rel=\"noreferrer noopener\">Ideia Criativa<\/a><\/p>\n\n\n\n<p class=\"post-blue has-medium-font-size\"><strong>1\u00ba Ciclo do Ensino B\u00e1sico<\/strong><br><a href=\"https:\/\/www.supertmatik.net\/app\/cartas\/\" target=\"_blank\" rel=\"noreferrer noopener\">Plataforma SUPERTMATIK &#8211; Conte\u00fados educativos (1\u00ba at\u00e9 9\u00ba ano)<\/a><br><a aria-label=\"Escola M\u00e1gica - Plataforma que potencializa a aprendizagem (1\u00ba, 2\u00ba e 3\u00ba ciclos). (opens in a new tab)\" href=\"https:\/\/www.escolamagica.pt\/\" target=\"_blank\" rel=\"noreferrer noopener\">Escola M\u00e1gica &#8211; Plataforma que potencializa a aprendizagem (1\u00ba, 2\u00ba e 3\u00ba ciclos)<\/a><br><a aria-label=\"Pedagogia ao P\u00e9 da Letra - Educar \u00e9 um ato de amor. (opens in a new tab)\" href=\"https:\/\/pedagogiaaopedaletra.com\/\" target=\"_blank\" rel=\"noreferrer noopener\">Pedagogia ao P\u00e9 da Letra &#8211; Educar \u00e9 um ato de amor<\/a><br><a aria-label=\"Cubo M\u00e1gico - Cole\u00e7\u00e3o de recursos para o 1\u00ba ciclo (opens in a new tab)\" href=\"https:\/\/www.diigo.com\/profile\/Cubo_magico\" target=\"_blank\" rel=\"noreferrer noopener\">Cubo M\u00e1gico &#8211; Cole\u00e7\u00e3o de recursos para o 1\u00ba ciclo<\/a><br><a href=\"https:\/\/www.seguranet.pt\/\" target=\"_blank\" rel=\"noreferrer noopener\">Seguran\u00e7a Digital<\/a><\/p>\n\n\n\n<p class=\"post-blue has-medium-font-size\"><strong>2\u00ba Ciclo do Ensino B\u00e1sico<\/strong><br><a rel=\"noreferrer noopener\" aria-label=\"Plataforma SUPERTMATIK - Conte\u00fados educativos (1\u00ba at\u00e9 9\u00ba ano) (opens in a new tab)\" href=\"https:\/\/www.supertmatik.net\/app\/cartas\/\" target=\"_blank\">Plataforma SUPERTMATIK &#8211; Conte\u00fados educativos (1\u00ba at\u00e9 9\u00ba ano)<\/a><br><a rel=\"noreferrer noopener\" href=\"https:\/\/www.escolamagica.pt\/\" target=\"_blank\">Escola M\u00e1gica &#8211; Plataforma que potencializa a aprendizagem (1\u00ba, 2\u00ba e 3\u00ba ciclos)<\/a><br><a href=\"https:\/\/www.seguranet.pt\/jogo\/\" target=\"_blank\" rel=\"noreferrer noopener\" aria-label=\"Seguran\u00e7a Digital (opens in a new tab)\">Seguran\u00e7a Digital<\/a><\/p>\n\n\n\n<p class=\"post-blue has-medium-font-size\"><strong>3\u00ba Ciclo do Ensino B\u00e1sico<\/strong><br><a rel=\"noreferrer noopener\" href=\"https:\/\/www.supertmatik.net\/app\/cartas\/\" target=\"_blank\">Plataforma SUPERTMATIK &#8211; Conte\u00fados educativos (1\u00ba at\u00e9 9\u00ba ano)<\/a> <br><a rel=\"noreferrer noopener\" href=\"https:\/\/www.escolamagica.pt\/\" target=\"_blank\">Escola M\u00e1gica &#8211; Plataforma que potencializa a aprendizagem (1\u00ba, 2\u00ba e 3\u00ba ciclos)<\/a><br><a rel=\"noreferrer noopener\" aria-label=\"Matem\u00e1tica? Absolutamente! - Recursos para disciplina de Matem\u00e1tica. (opens in a new tab)\" href=\"https:\/\/mat.absolutamente.net\/joomla\/#\" target=\"_blank\">Matem\u00e1tica? Absolutamente! &#8211; Recursos para a disciplina de Matem\u00e1tica<\/a><\/p>\n\n\n\n<p class=\"post-blue has-medium-font-size\"><strong>Ensino Secund\u00e1rio<\/strong><br><a rel=\"noreferrer noopener\" href=\"https:\/\/mat.absolutamente.net\/joomla\/#\" target=\"_blank\">Matem\u00e1tica? Absolutamente! &#8211; Recursos para a disciplina de Matem\u00e1tica<\/a><br><a rel=\"noreferrer noopener\" aria-label=\"Aprender Espa\u00f1ol (opens in a new tab)\" href=\"https:\/\/aprenderespanol.org\/\" target=\"_blank\">Aprender Espa\u00f1ol<\/a><br><a rel=\"noreferrer noopener\" href=\"https:\/\/www.profedeele.es\/\" target=\"_blank\">Actividades y recursos para aprender Espa\u00f1ol<\/a> <\/p>\n\n\n\n<p class=\"post-blue has-medium-font-size\"><strong>Ensino Profissional<\/strong><br><a rel=\"noreferrer noopener\" href=\"https:\/\/aprenderespanol.org\/\" target=\"_blank\">Aprender Espa\u00f1ol<\/a><br><a rel=\"noreferrer noopener\" aria-label=\"Actividades y recursos para aprender Espa\u00f1ol (opens in a new tab)\" href=\"https:\/\/www.profedeele.es\/\" target=\"_blank\">Actividades y recursos para aprender Espa\u00f1ol<\/a><\/p>\n\n\n\n<p class=\"post-atention has-medium-font-size\"><strong>Para todos os n\u00edveis de ensino<\/strong><br><a aria-label=\" (opens in a new tab)\" href=\"https:\/\/www.escolavirtual.pt\/\" target=\"_blank\" rel=\"noreferrer noopener\">Escola Virtual (LEYA)<\/a><br><a aria-label=\"RTP Ensina (opens in a new tab)\" href=\"https:\/\/ensina.rtp.pt\/\" target=\"_blank\" rel=\"noreferrer noopener\">RTP Ensina<\/a><br><a aria-label=\"Melhores Sites - Educa\u00e7\u00e3o (compila\u00e7\u00e3o de v\u00e1rios websites) (opens in a new tab)\" href=\"https:\/\/melhores-sites.pt\/educacao-portugal.html\" target=\"_blank\" rel=\"noreferrer noopener\">Melhores Sites &#8211; Educa\u00e7\u00e3o (compila\u00e7\u00e3o de v\u00e1rios websites)<\/a><\/p>\n\n\n\n<p class=\"has-medium-font-size\"><strong>Para os Encarregados de Educa\u00e7\u00e3o<\/strong><br><a rel=\"noreferrer noopener\" aria-label=\"Compartilha (opens in a new tab)\" href=\"https:\/\/cms.ua.pt\/compartilha\/\" target=\"_blank\">Compartilha<\/a><\/p>\n\n\n\n<p style=\"font-size:10px\">\u00daltima atualiza\u00e7\u00e3o desta p\u00e1gina: 17\/04\/2025<\/p>\n","protected":false},"excerpt":{"rendered":"<p>Recursos educativos online para os v\u00e1rios ciclos de forma\u00e7\u00e3o.Todas as p\u00e1ginas apresentadas, externas ao Agrupamento de Escolas n.\u00ba1 de Beja, s\u00e3o da responsabilidade dos seus autores.Todos os docentes poder\u00e3o contribuir para o enriquecimento desta lista de recursos, atrav\u00e9s do correio <a href=\"https:\/\/www.agr1beja.pt\/?page_id=998\" class=\"read-more\">Ler mais &#8230;<\/a><\/p>\n","protected":false},"author":1,"featured_media":0,"parent":0,"menu_order":0,"comment_status":"closed","ping_status":"closed","template":"","meta":{"cybocfi_hide_featured_image":"","footnotes":""},"_links":{"self":[{"href":"https:\/\/www.agr1beja.pt\/index.php?rest_route=\/wp\/v2\/pages\/998"}],"collection":[{"href":"https:\/\/www.agr1beja.pt\/index.php?rest_route=\/wp\/v2\/pages"}],"about":[{"href":"https:\/\/www.agr1beja.pt\/index.php?rest_route=\/wp\/v2\/types\/page"}],"author":[{"embeddable":true,"href":"https:\/\/www.agr1beja.pt\/index.php?rest_route=\/wp\/v2\/users\/1"}],"replies":[{"embeddable":true,"href":"https:\/\/www.agr1beja.pt\/index.php?rest_route=%2Fwp%2Fv2%2Fcomments&post=998"}],"version-history":[{"count":56,"href":"https:\/\/www.agr1beja.pt\/index.php?rest_route=\/wp\/v2\/pages\/998\/revisions"}],"predecessor-version":[{"id":9260,"href":"https:\/\/www.agr1beja.pt\/index.php?rest_route=\/wp\/v2\/pages\/998\/revisions\/9260"}],"wp:attachment":[{"href":"https:\/\/www.agr1beja.pt\/index.php?rest_route=%2Fwp%2Fv2%2Fmedia&parent=998"}],"curies":[{"name":"wp","href":"https:\/\/api.w.org\/{rel}","templated":true}]}}