{"id":9335,"date":"2025-04-28T09:55:14","date_gmt":"2025-04-28T09:55:14","guid":{"rendered":"https:\/\/www.agr1beja.pt\/?page_id=9335"},"modified":"2025-09-25T16:11:16","modified_gmt":"2025-09-25T16:11:16","slug":"fichas-tecnicas","status":"publish","type":"page","link":"https:\/\/www.agr1beja.pt\/?page_id=9335","title":{"rendered":"Fichas T\u00e9cnicas"},"content":{"rendered":"\n<p style=\"font-size:22px\"><img loading=\"lazy\" decoding=\"async\" width=\"16\" height=\"27\" class=\"wp-image-2261\" style=\"width: 16px;\" src=\"http:\/\/www.agr1beja.pt\/wp-content\/uploads\/pin_orange.png\" alt=\"\"> Ficha T\u00e9cnica do Projeto 2015\/2018 &#8211; dispon\u00edvel <strong><a href=\"http:\/\/www.agr1beja.pt\/wp-content\/uploads\/ficha_projeto_FSE_-Projeto_16_15_18.pdf\" target=\"_blank\" rel=\"noreferrer noopener\">aqui<\/a><\/strong>.<br><img loading=\"lazy\" decoding=\"async\" width=\"16\" height=\"27\" class=\"wp-image-2261\" style=\"width: 16px;\" src=\"http:\/\/www.agr1beja.pt\/wp-content\/uploads\/pin_orange.png\" alt=\"\"> Ficha T\u00e9cnica do Projeto 2018\/2021 &#8211; dispon\u00edvel <strong><a href=\"http:\/\/www.agr1beja.pt\/wp-content\/uploads\/ficha_projeto_FSE_Projeto_11.pdf\" target=\"_blank\" rel=\"noreferrer noopener\">aqui<\/a><\/strong>.<br><img loading=\"lazy\" decoding=\"async\" width=\"16\" height=\"27\" class=\"wp-image-2261\" style=\"width: 16px;\" src=\"http:\/\/www.agr1beja.pt\/wp-content\/uploads\/pin_orange.png\" alt=\"\"> Ficha de Opera\u00e7\u00e3o 2022\/2023 &#8211; dispon\u00edvel <strong><a href=\"http:\/\/www.agr1beja.pt\/wp-content\/uploads\/PESSOAS2030_FichaOperacao_A4_22_23-1.pdf\">aqui<\/a>.<\/strong><br><img loading=\"lazy\" decoding=\"async\" width=\"16\" height=\"27\" class=\"wp-image-2261\" style=\"width: 16px;\" src=\"http:\/\/www.agr1beja.pt\/wp-content\/uploads\/pin_orange.png\" alt=\"\"> Ficha de Opera\u00e7\u00e3o 2023\/2024 &#8211; dispon\u00edvel <strong><a href=\"http:\/\/www.agr1beja.pt\/wp-content\/uploads\/PESSOAS2030_FichaOperacao_A4-23_24-1.pdf\" target=\"_blank\" rel=\"noreferrer noopener\">aqui<\/a><\/strong>.<\/p>\n\n\n\n<p style=\"font-size:10px\">\u00daltima atualiza\u00e7\u00e3o desta p\u00e1gina: 25\/09\/2025<\/p>\n","protected":false},"excerpt":{"rendered":"<p>Ficha T\u00e9cnica do Projeto 2015\/2018 &#8211; dispon\u00edvel aqui. Ficha T\u00e9cnica do Projeto 2018\/2021 &#8211; dispon\u00edvel aqui. Ficha de Opera\u00e7\u00e3o 2022\/2023 &#8211; dispon\u00edvel aqui. Ficha de Opera\u00e7\u00e3o 2023\/2024 &#8211; dispon\u00edvel aqui. \u00daltima atualiza\u00e7\u00e3o desta p\u00e1gina: 25\/09\/2025<\/p>\n","protected":false},"author":1,"featured_media":0,"parent":0,"menu_order":0,"comment_status":"closed","ping_status":"closed","template":"","meta":{"cybocfi_hide_featured_image":"","footnotes":""},"_links":{"self":[{"href":"https:\/\/www.agr1beja.pt\/index.php?rest_route=\/wp\/v2\/pages\/9335"}],"collection":[{"href":"https:\/\/www.agr1beja.pt\/index.php?rest_route=\/wp\/v2\/pages"}],"about":[{"href":"https:\/\/www.agr1beja.pt\/index.php?rest_route=\/wp\/v2\/types\/page"}],"author":[{"embeddable":true,"href":"https:\/\/www.agr1beja.pt\/index.php?rest_route=\/wp\/v2\/users\/1"}],"replies":[{"embeddable":true,"href":"https:\/\/www.agr1beja.pt\/index.php?rest_route=%2Fwp%2Fv2%2Fcomments&post=9335"}],"version-history":[{"count":10,"href":"https:\/\/www.agr1beja.pt\/index.php?rest_route=\/wp\/v2\/pages\/9335\/revisions"}],"predecessor-version":[{"id":10332,"href":"https:\/\/www.agr1beja.pt\/index.php?rest_route=\/wp\/v2\/pages\/9335\/revisions\/10332"}],"wp:attachment":[{"href":"https:\/\/www.agr1beja.pt\/index.php?rest_route=%2Fwp%2Fv2%2Fmedia&parent=9335"}],"curies":[{"name":"wp","href":"https:\/\/api.w.org\/{rel}","templated":true}]}}