{"id":9317,"date":"2025-04-28T09:41:07","date_gmt":"2025-04-28T09:41:07","guid":{"rendered":"https:\/\/www.agr1beja.pt\/?page_id=9317"},"modified":"2025-09-25T16:07:06","modified_gmt":"2025-09-25T16:07:06","slug":"fichas-de-operacao","status":"publish","type":"page","link":"https:\/\/www.agr1beja.pt\/?page_id=9317","title":{"rendered":"Fichas de Opera\u00e7\u00e3o"},"content":{"rendered":"\n<p style=\"font-size:22px\"><img loading=\"lazy\" decoding=\"async\" width=\"16\" height=\"27\" class=\"wp-image-2261\" style=\"width: 16px;\" src=\"http:\/\/www.agr1beja.pt\/wp-content\/uploads\/pin_orange.png\" alt=\"\"> Ficha de Opera\u00e7\u00e3o 2022\/2023 &#8211; dispon\u00edvel <strong><a href=\"http:\/\/www.agr1beja.pt\/wp-content\/uploads\/teip_pessoas_2030_ficha_operacao_a4_com_selo_22_23.pdf\" target=\"_blank\" rel=\"noreferrer noopener\">aqui<\/a><\/strong>.<br><img loading=\"lazy\" decoding=\"async\" width=\"16\" height=\"27\" class=\"wp-image-2261\" style=\"width: 16px;\" src=\"http:\/\/www.agr1beja.pt\/wp-content\/uploads\/pin_orange.png\" alt=\"\"> Ficha de Opera\u00e7\u00e3o 2023\/2024 &#8211; dispon\u00edvel <strong><a href=\"http:\/\/www.agr1beja.pt\/wp-content\/uploads\/teip_pessoas_2030_ficha_operacao_a4_com_selo_23_24.pdf\" target=\"_blank\" rel=\"noreferrer noopener\">aqui<\/a><\/strong>.<br><img loading=\"lazy\" decoding=\"async\" width=\"16\" height=\"27\" class=\"wp-image-2261\" style=\"width: 16px;\" src=\"http:\/\/www.agr1beja.pt\/wp-content\/uploads\/pin_orange.png\" alt=\"\"> Ficha de Opera\u00e7\u00e3o 2024\/2027 &#8211; dispon\u00edvel <strong><a href=\"http:\/\/www.agr1beja.pt\/wp-content\/uploads\/TEIP_FichaOperacao_A4_2024_2027_AE1B.pdf\" target=\"_blank\" rel=\"noreferrer noopener\">aqui<\/a><\/strong>.<br><img loading=\"lazy\" decoding=\"async\" width=\"16\" height=\"27\" class=\"wp-image-2261\" style=\"width: 16px;\" src=\"http:\/\/www.agr1beja.pt\/wp-content\/uploads\/pin_orange.png\" alt=\"\"> Pessoas 2030 &#8211; Ficha de Opera\u00e7\u00e3o 2022\/2023 &#8211; dispon\u00edvel <strong><a href=\"http:\/\/www.agr1beja.pt\/wp-content\/uploads\/PESSOAS2030_FichaOperacao_A4_22_23.pdf\" target=\"_blank\" rel=\"noreferrer noopener\">aqui<\/a><\/strong>.<br><img loading=\"lazy\" decoding=\"async\" width=\"16\" height=\"27\" class=\"wp-image-2261\" style=\"width: 16px;\" src=\"http:\/\/www.agr1beja.pt\/wp-content\/uploads\/pin_orange.png\" alt=\"\"> Pessoas 2030 &#8211; Ficha de Opera\u00e7\u00e3o 2023\/2024 &#8211; dispon\u00edvel <strong><a href=\"http:\/\/www.agr1beja.pt\/wp-content\/uploads\/PESSOAS2030_FichaOperacao_A4-23_24.pdf\" target=\"_blank\" rel=\"noreferrer noopener\">aqui<\/a><\/strong>.<\/p>\n\n\n\n<p style=\"font-size:10px\">\u00daltima atualiza\u00e7\u00e3o desta p\u00e1gina: 25\/09\/2025<\/p>\n","protected":false},"excerpt":{"rendered":"<p>Ficha de Opera\u00e7\u00e3o 2022\/2023 &#8211; dispon\u00edvel aqui. Ficha de Opera\u00e7\u00e3o 2023\/2024 &#8211; dispon\u00edvel aqui. Ficha de Opera\u00e7\u00e3o 2024\/2027 &#8211; dispon\u00edvel aqui. Pessoas 2030 &#8211; Ficha de Opera\u00e7\u00e3o 2022\/2023 &#8211; dispon\u00edvel aqui. Pessoas 2030 &#8211; Ficha de Opera\u00e7\u00e3o 2023\/2024 &#8211; dispon\u00edvel <a href=\"https:\/\/www.agr1beja.pt\/?page_id=9317\" class=\"read-more\">Ler mais &#8230;<\/a><\/p>\n","protected":false},"author":1,"featured_media":0,"parent":0,"menu_order":0,"comment_status":"closed","ping_status":"closed","template":"","meta":{"cybocfi_hide_featured_image":"","footnotes":""},"_links":{"self":[{"href":"https:\/\/www.agr1beja.pt\/index.php?rest_route=\/wp\/v2\/pages\/9317"}],"collection":[{"href":"https:\/\/www.agr1beja.pt\/index.php?rest_route=\/wp\/v2\/pages"}],"about":[{"href":"https:\/\/www.agr1beja.pt\/index.php?rest_route=\/wp\/v2\/types\/page"}],"author":[{"embeddable":true,"href":"https:\/\/www.agr1beja.pt\/index.php?rest_route=\/wp\/v2\/users\/1"}],"replies":[{"embeddable":true,"href":"https:\/\/www.agr1beja.pt\/index.php?rest_route=%2Fwp%2Fv2%2Fcomments&post=9317"}],"version-history":[{"count":16,"href":"https:\/\/www.agr1beja.pt\/index.php?rest_route=\/wp\/v2\/pages\/9317\/revisions"}],"predecessor-version":[{"id":10326,"href":"https:\/\/www.agr1beja.pt\/index.php?rest_route=\/wp\/v2\/pages\/9317\/revisions\/10326"}],"wp:attachment":[{"href":"https:\/\/www.agr1beja.pt\/index.php?rest_route=%2Fwp%2Fv2%2Fmedia&parent=9317"}],"curies":[{"name":"wp","href":"https:\/\/api.w.org\/{rel}","templated":true}]}}