{"id":93,"date":"2019-09-07T16:12:16","date_gmt":"2019-09-07T16:12:16","guid":{"rendered":"http:\/\/agr1beja.online\/?page_id=93"},"modified":"2022-07-01T07:39:05","modified_gmt":"2022-07-01T07:39:05","slug":"contactos","status":"publish","type":"page","link":"https:\/\/www.agr1beja.pt\/?page_id=93","title":{"rendered":"Contactos"},"content":{"rendered":"\n<p style=\"font-size:18px;text-align:center\"><img loading=\"lazy\" decoding=\"async\" width=\"400\" height=\"198\" class=\"wp-image-1688\" style=\"width: 400px;\" src=\"http:\/\/www.agr1beja.pt\/wp-content\/uploads\/img_esdg.jpg\" alt=\"\" srcset=\"https:\/\/www.agr1beja.pt\/wp-content\/uploads\/img_esdg.jpg 400w, https:\/\/www.agr1beja.pt\/wp-content\/uploads\/img_esdg-300x149.jpg 300w, https:\/\/www.agr1beja.pt\/wp-content\/uploads\/img_esdg-360x178.jpg 360w\" sizes=\"(max-width: 400px) 100vw, 400px\" \/><br><strong>Escola Secund\u00e1ria Diogo de Gouveia (Escola Sede)<\/strong><br>Rua Lu\u00eds de Cam\u00f5es &#8211; 7800-508 Beja<br>Telefone: 284 315 320     Fax: 284 328 949<br>Correio eletr\u00f3nico: <strong><a href=\"mailto:sa@agr1beja.pt\">sa@agr1beja.pt<\/a><\/strong><br>Coordenadas GPS: 38.0107296600000, -7.8635721750000<\/p>\n\n\n\n<p style=\"font-size:18px;text-align:center\"><br><img loading=\"lazy\" decoding=\"async\" width=\"400\" height=\"198\" class=\"wp-image-1692\" style=\"width: 400px;\" src=\"http:\/\/www.agr1beja.pt\/wp-content\/uploads\/img_ebsmaria.jpg\" alt=\"\" srcset=\"https:\/\/www.agr1beja.pt\/wp-content\/uploads\/img_ebsmaria.jpg 400w, https:\/\/www.agr1beja.pt\/wp-content\/uploads\/img_ebsmaria-300x149.jpg 300w, https:\/\/www.agr1beja.pt\/wp-content\/uploads\/img_ebsmaria-360x178.jpg 360w\" sizes=\"(max-width: 400px) 100vw, 400px\" \/><br><strong>Escola B\u00e1sica de Santa Maria<\/strong><br>Rua de Fernando Pessoa &#8211; Beja<br>Telefone: 284 313 000     Fax: (sem informa\u00e7\u00e3o)<br>Correio eletr\u00f3nico: <strong><a href=\"mailto:sa@agr1beja.pt\">sa@agr1beja.pt<\/a><\/strong>  <br>Coordenadas GPS: 38.02056495, -7.86376342<\/p>\n\n\n\n<p style=\"font-size:18px;text-align:center\"><br><img loading=\"lazy\" decoding=\"async\" width=\"400\" height=\"198\" class=\"wp-image-1697\" style=\"width: 400px;\" src=\"http:\/\/www.agr1beja.pt\/wp-content\/uploads\/ebsmaior_img.jpg\" alt=\"\" srcset=\"https:\/\/www.agr1beja.pt\/wp-content\/uploads\/ebsmaior_img.jpg 400w, https:\/\/www.agr1beja.pt\/wp-content\/uploads\/ebsmaior_img-300x149.jpg 300w, https:\/\/www.agr1beja.pt\/wp-content\/uploads\/ebsmaior_img-360x178.jpg 360w\" sizes=\"(max-width: 400px) 100vw, 400px\" \/><br><strong>Escola B\u00e1sica de Santiago Maior<\/strong><br>Avenida Comandante Ramiro Correia &#8211; Beja<br>Telefone: 284 389 230     Fax: 284 389 120<br>Correio eletr\u00f3nico: <strong><a href=\"mailto:sa@agr1beja.pt\">sa@agr1beja.pt<\/a><\/strong> <br>Coordenadas GPS: 38.01855084, -7.87266031 <\/p>\n\n\n\n<p style=\"font-size:11px\">\u00daltima atualiza\u00e7\u00e3o desta p\u00e1gina: 01\/07\/2022<\/p>\n","protected":false},"excerpt":{"rendered":"<p>Escola Secund\u00e1ria Diogo de Gouveia (Escola Sede)Rua Lu\u00eds de Cam\u00f5es &#8211; 7800-508 BejaTelefone: 284 315 320 Fax: 284 328 949Correio eletr\u00f3nico: sa@agr1beja.ptCoordenadas GPS: 38.0107296600000, -7.8635721750000 Escola B\u00e1sica de Santa MariaRua de Fernando Pessoa &#8211; BejaTelefone: 284 313 000 Fax: (sem <a href=\"https:\/\/www.agr1beja.pt\/?page_id=93\" class=\"read-more\">Ler mais &#8230;<\/a><\/p>\n","protected":false},"author":1,"featured_media":0,"parent":0,"menu_order":0,"comment_status":"closed","ping_status":"closed","template":"","meta":{"cybocfi_hide_featured_image":"","footnotes":""},"_links":{"self":[{"href":"https:\/\/www.agr1beja.pt\/index.php?rest_route=\/wp\/v2\/pages\/93"}],"collection":[{"href":"https:\/\/www.agr1beja.pt\/index.php?rest_route=\/wp\/v2\/pages"}],"about":[{"href":"https:\/\/www.agr1beja.pt\/index.php?rest_route=\/wp\/v2\/types\/page"}],"author":[{"embeddable":true,"href":"https:\/\/www.agr1beja.pt\/index.php?rest_route=\/wp\/v2\/users\/1"}],"replies":[{"embeddable":true,"href":"https:\/\/www.agr1beja.pt\/index.php?rest_route=%2Fwp%2Fv2%2Fcomments&post=93"}],"version-history":[{"count":27,"href":"https:\/\/www.agr1beja.pt\/index.php?rest_route=\/wp\/v2\/pages\/93\/revisions"}],"predecessor-version":[{"id":4395,"href":"https:\/\/www.agr1beja.pt\/index.php?rest_route=\/wp\/v2\/pages\/93\/revisions\/4395"}],"wp:attachment":[{"href":"https:\/\/www.agr1beja.pt\/index.php?rest_route=%2Fwp%2Fv2%2Fmedia&parent=93"}],"curies":[{"name":"wp","href":"https:\/\/api.w.org\/{rel}","templated":true}]}}