{"id":9261,"date":"2025-04-17T11:25:05","date_gmt":"2025-04-17T11:25:05","guid":{"rendered":"https:\/\/www.agr1beja.pt\/?page_id=9261"},"modified":"2025-04-17T11:34:58","modified_gmt":"2025-04-17T11:34:58","slug":"cefs","status":"publish","type":"page","link":"https:\/\/www.agr1beja.pt\/?page_id=9261","title":{"rendered":"CEFs"},"content":{"rendered":"<div class=\"wp-block-image\">\n<figure class=\"aligncenter size-full is-resized\"><img loading=\"lazy\" decoding=\"async\" width=\"800\" height=\"360\" src=\"http:\/\/www.agr1beja.pt\/wp-content\/uploads\/cef_logo_clipart.jpg\" alt=\"\" class=\"wp-image-9263\" style=\"width:429px;height:auto\" srcset=\"https:\/\/www.agr1beja.pt\/wp-content\/uploads\/cef_logo_clipart.jpg 800w, https:\/\/www.agr1beja.pt\/wp-content\/uploads\/cef_logo_clipart-300x135.jpg 300w, https:\/\/www.agr1beja.pt\/wp-content\/uploads\/cef_logo_clipart-768x346.jpg 768w, https:\/\/www.agr1beja.pt\/wp-content\/uploads\/cef_logo_clipart-360x162.jpg 360w\" sizes=\"(max-width: 800px) 100vw, 800px\" \/><\/figure><\/div>\n\n\n<p style=\"font-size:21px\">Cursos Educa\u00e7\u00e3o e Forma\u00e7\u00e3o de Jovens (2023-2024) &#8211; <a href=\"http:\/\/www.agr1beja.pt\/wp-content\/uploads\/cef_ficha_operacao_23_24.pdf\" target=\"_blank\" rel=\"noreferrer noopener\"><strong>Ficha de Opera\u00e7\u00e3o<\/strong><\/a><br>Cursos Educa\u00e7\u00e3o e Forma\u00e7\u00e3o de Jovens (2024-2025) &#8211; <a href=\"http:\/\/www.agr1beja.pt\/wp-content\/uploads\/cef_ficha_operacao_24_25.pdf\" target=\"_blank\" rel=\"noreferrer noopener\"><strong>Ficha de Opera\u00e7\u00e3o<\/strong><\/a><br>Cursos Educa\u00e7\u00e3o e Forma\u00e7\u00e3o de Jovens (2023-2024) &#8211; <strong><a href=\"http:\/\/www.agr1beja.pt\/wp-content\/uploads\/cef_ficha_operacao_23_24_placa.pdf\" target=\"_blank\" rel=\"noreferrer noopener\">Placa<\/a><\/strong><br>Cursos Educa\u00e7\u00e3o e Forma\u00e7\u00e3o de Jovens (2024-2025) &#8211; <strong><a href=\"http:\/\/www.agr1beja.pt\/wp-content\/uploads\/cef_ficha_operacao_24_25_placa.pdf\" target=\"_blank\" rel=\"noreferrer noopener\">Placa<\/a><\/strong><\/p>\n\n\n\n<p style=\"font-size:10px\">P\u00e1gina atualizada em 16-04-2025<\/p>\n","protected":false},"excerpt":{"rendered":"<p>Cursos Educa\u00e7\u00e3o e Forma\u00e7\u00e3o de Jovens (2023-2024) &#8211; Ficha de Opera\u00e7\u00e3oCursos Educa\u00e7\u00e3o e Forma\u00e7\u00e3o de Jovens (2024-2025) &#8211; Ficha de Opera\u00e7\u00e3oCursos Educa\u00e7\u00e3o e Forma\u00e7\u00e3o de Jovens (2023-2024) &#8211; PlacaCursos Educa\u00e7\u00e3o e Forma\u00e7\u00e3o de Jovens (2024-2025) &#8211; Placa P\u00e1gina atualizada em <a href=\"https:\/\/www.agr1beja.pt\/?page_id=9261\" class=\"read-more\">Ler mais &#8230;<\/a><\/p>\n","protected":false},"author":1,"featured_media":0,"parent":0,"menu_order":0,"comment_status":"closed","ping_status":"closed","template":"","meta":{"cybocfi_hide_featured_image":"","footnotes":""},"_links":{"self":[{"href":"https:\/\/www.agr1beja.pt\/index.php?rest_route=\/wp\/v2\/pages\/9261"}],"collection":[{"href":"https:\/\/www.agr1beja.pt\/index.php?rest_route=\/wp\/v2\/pages"}],"about":[{"href":"https:\/\/www.agr1beja.pt\/index.php?rest_route=\/wp\/v2\/types\/page"}],"author":[{"embeddable":true,"href":"https:\/\/www.agr1beja.pt\/index.php?rest_route=\/wp\/v2\/users\/1"}],"replies":[{"embeddable":true,"href":"https:\/\/www.agr1beja.pt\/index.php?rest_route=%2Fwp%2Fv2%2Fcomments&post=9261"}],"version-history":[{"count":12,"href":"https:\/\/www.agr1beja.pt\/index.php?rest_route=\/wp\/v2\/pages\/9261\/revisions"}],"predecessor-version":[{"id":9281,"href":"https:\/\/www.agr1beja.pt\/index.php?rest_route=\/wp\/v2\/pages\/9261\/revisions\/9281"}],"wp:attachment":[{"href":"https:\/\/www.agr1beja.pt\/index.php?rest_route=%2Fwp%2Fv2%2Fmedia&parent=9261"}],"curies":[{"name":"wp","href":"https:\/\/api.w.org\/{rel}","templated":true}]}}