{"id":7217,"date":"2024-04-19T13:15:22","date_gmt":"2024-04-19T13:15:22","guid":{"rendered":"https:\/\/www.agr1beja.pt\/?page_id=7217"},"modified":"2024-06-05T09:52:21","modified_gmt":"2024-06-05T09:52:21","slug":"plano-de-acao-teip4","status":"publish","type":"page","link":"https:\/\/www.agr1beja.pt\/?page_id=7217","title":{"rendered":"Plano de A\u00e7\u00e3o TEIP4"},"content":{"rendered":"\n<ul>\n<li style=\"font-size:21px\">S\u00edntese &#8211; Plano de A\u00e7\u00e3o TEIP4 &#8211; consultar <strong><a href=\"http:\/\/www.agr1beja.pt\/wp-content\/uploads\/Sintese-Plano-Acao-TEIP-4-v2.pdf\">PDF<\/a><\/strong><\/li>\n<\/ul>\n","protected":false},"excerpt":{"rendered":"","protected":false},"author":1,"featured_media":0,"parent":0,"menu_order":0,"comment_status":"closed","ping_status":"closed","template":"","meta":{"cybocfi_hide_featured_image":"","footnotes":""},"_links":{"self":[{"href":"https:\/\/www.agr1beja.pt\/index.php?rest_route=\/wp\/v2\/pages\/7217"}],"collection":[{"href":"https:\/\/www.agr1beja.pt\/index.php?rest_route=\/wp\/v2\/pages"}],"about":[{"href":"https:\/\/www.agr1beja.pt\/index.php?rest_route=\/wp\/v2\/types\/page"}],"author":[{"embeddable":true,"href":"https:\/\/www.agr1beja.pt\/index.php?rest_route=\/wp\/v2\/users\/1"}],"replies":[{"embeddable":true,"href":"https:\/\/www.agr1beja.pt\/index.php?rest_route=%2Fwp%2Fv2%2Fcomments&post=7217"}],"version-history":[{"count":4,"href":"https:\/\/www.agr1beja.pt\/index.php?rest_route=\/wp\/v2\/pages\/7217\/revisions"}],"predecessor-version":[{"id":7755,"href":"https:\/\/www.agr1beja.pt\/index.php?rest_route=\/wp\/v2\/pages\/7217\/revisions\/7755"}],"wp:attachment":[{"href":"https:\/\/www.agr1beja.pt\/index.php?rest_route=%2Fwp%2Fv2%2Fmedia&parent=7217"}],"curies":[{"name":"wp","href":"https:\/\/api.w.org\/{rel}","templated":true}]}}