{"id":5501,"date":"2023-01-31T15:28:22","date_gmt":"2023-01-31T15:28:22","guid":{"rendered":"http:\/\/www.agr1beja.pt\/?page_id=5501"},"modified":"2023-02-02T12:38:46","modified_gmt":"2023-02-02T12:38:46","slug":"ciencias-experimentais-1ociclo","status":"publish","type":"page","link":"https:\/\/www.agr1beja.pt\/?page_id=5501","title":{"rendered":"Ci\u00eancias Experimentais &#8211; 1\u00ba Ciclo"},"content":{"rendered":"\n<p style=\"font-size:22px\"><img loading=\"lazy\" decoding=\"async\" width=\"16\" height=\"27\" class=\"wp-image-2261\" style=\"width: 16px;\" src=\"http:\/\/www.agr1beja.pt\/wp-content\/uploads\/pin_orange.png\" alt=\"\"> <a rel=\"noreferrer noopener\" aria-label=\"Experi\u00eancias 1APG (opens in a new tab)\" href=\"http:\/\/www.agr1beja.pt\/wp-content\/uploads\/experi\u00eancias_1APG.pdf\" target=\"_blank\">Experi\u00eancias 1APG<\/a><br><img loading=\"lazy\" decoding=\"async\" width=\"16\" height=\"27\" class=\"wp-image-2261\" style=\"width: 16px;\" src=\"http:\/\/www.agr1beja.pt\/wp-content\/uploads\/pin_orange.png\" alt=\"\"> <a rel=\"noreferrer noopener\" aria-label=\"MAGNETISMO - Experi\u00eancias com \u00edmanes (opens in a new tab)\" href=\"http:\/\/www.agr1beja.pt\/wp-content\/uploads\/magnetismo.pdf\" target=\"_blank\">Magnetismo &#8211; Experi\u00eancias com \u00edmanes<\/a><br><img loading=\"lazy\" decoding=\"async\" width=\"16\" height=\"27\" class=\"wp-image-2261\" style=\"width: 16px;\" src=\"http:\/\/www.agr1beja.pt\/wp-content\/uploads\/pin_orange.png\" alt=\"\"> <a rel=\"noreferrer noopener\" aria-label=\"A brincar, a brincar\u2026 encontramos a ci\u00eancia (opens in a new tab)\" href=\"http:\/\/www.agr1beja.pt\/wp-content\/uploads\/a_brincar.pdf\" target=\"_blank\">A brincar, a brincar\u2026 encontramos a ci\u00eancia<\/a><br><img loading=\"lazy\" decoding=\"async\" width=\"16\" height=\"27\" class=\"wp-image-2261\" style=\"width: 16px;\" src=\"http:\/\/www.agr1beja.pt\/wp-content\/uploads\/pin_orange.png\" alt=\"\"> <a rel=\"noreferrer noopener\" aria-label=\"A import\u00e2ncia da \u00e1gua no nosso corpo (opens in a new tab)\" href=\"http:\/\/www.agr1beja.pt\/wp-content\/uploads\/importancia_agua.pdf\" target=\"_blank\">A import\u00e2ncia da \u00e1gua no nosso corpo<\/a><br><img loading=\"lazy\" decoding=\"async\" width=\"16\" height=\"27\" class=\"wp-image-2261\" style=\"width: 16px;\" src=\"http:\/\/www.agr1beja.pt\/wp-content\/uploads\/pin_orange.png\" alt=\"\"> <a rel=\"noreferrer noopener\" aria-label=\"O a\u00e7\u00facar (opens in a new tab)\" href=\"http:\/\/www.agr1beja.pt\/wp-content\/uploads\/acucar.pdf\" target=\"_blank\">O a\u00e7\u00facar<\/a><br><img loading=\"lazy\" decoding=\"async\" width=\"16\" height=\"27\" class=\"wp-image-2261\" style=\"width: 16px;\" src=\"http:\/\/www.agr1beja.pt\/wp-content\/uploads\/pin_orange.png\" alt=\"\"> <a rel=\"noreferrer noopener\" aria-label=\"A nossa hortinha (v\u00eddeo) (opens in a new tab)\" href=\"http:\/\/www.agr1beja.pt\/wp-content\/uploads\/a_nossa_hortinha.mp4\" target=\"_blank\">A nossa hortinha<\/a> (v\u00eddeo)<br><img loading=\"lazy\" decoding=\"async\" width=\"16\" height=\"27\" class=\"wp-image-2261\" style=\"width: 16px;\" src=\"http:\/\/www.agr1beja.pt\/wp-content\/uploads\/pin_orange.png\" alt=\"\"> <a rel=\"noreferrer noopener\" aria-label=\"Ci\u00eancias Experimentais - Turma 4CSM (opens in a new tab)\" href=\"http:\/\/www.agr1beja.pt\/wp-content\/uploads\/4CSM_Ci\u00eanciasExperimentais.mp4\" target=\"_blank\">Ci\u00eancias Experimentais &#8211; Turma 4CSM<\/a> (v\u00eddeo)<br><img loading=\"lazy\" decoding=\"async\" width=\"16\" height=\"27\" class=\"wp-image-2261\" style=\"width: 16px;\" src=\"http:\/\/www.agr1beja.pt\/wp-content\/uploads\/pin_orange.png\" alt=\"\"> <a rel=\"noreferrer noopener\" aria-label=\"Os Pais v\u00eam \u00e0 Escola - Foguet\u00e3o de materiais recicl\u00e1veis (opens in a new tab)\" href=\"http:\/\/www.agr1beja.pt\/wp-content\/uploads\/foguetao.pdf\" target=\"_blank\">Os Pais v\u00eam \u00e0 Escola &#8211; Foguet\u00e3o de materiais recicl\u00e1veis<\/a><br><img loading=\"lazy\" decoding=\"async\" width=\"16\" height=\"27\" class=\"wp-image-2261\" style=\"width: 16px;\" src=\"http:\/\/www.agr1beja.pt\/wp-content\/uploads\/pin_orange.png\" alt=\"\"> <a rel=\"noreferrer noopener\" aria-label=\"Experi\u00eancias com a \u00e1gua - Turma 4CST (opens in a new tab)\" href=\"http:\/\/www.agr1beja.pt\/wp-content\/uploads\/exp_agua_4cst.pdf\" target=\"_blank\">Experi\u00eancias com a \u00e1gua &#8211; Turma 4CST<\/a><br><img loading=\"lazy\" decoding=\"async\" width=\"16\" height=\"27\" class=\"wp-image-2261\" style=\"width: 16px;\" src=\"http:\/\/www.agr1beja.pt\/wp-content\/uploads\/pin_orange.png\" alt=\"\"> <a rel=\"noreferrer noopener\" aria-label=\"Projeto &quot;Conviver e Aprender&quot;- Sistema Respirat\u00f3rio (opens in a new tab)\" href=\"https:\/\/riraprenderecrescerst.blogspot.com\/2022\/10\/projeto-pais-na-escola-sistema_19.html\" target=\"_blank\">Projeto &#8220;Conviver e Aprender&#8221; &#8211; Sistema Respirat\u00f3rio<\/a><br><img loading=\"lazy\" decoding=\"async\" width=\"16\" height=\"27\" class=\"wp-image-2261\" style=\"width: 16px;\" src=\"http:\/\/www.agr1beja.pt\/wp-content\/uploads\/pin_orange.png\" alt=\"\"> <a rel=\"noreferrer noopener\" aria-label=\"Projeto &quot;Conviver e Aprender&quot; - Pais na Escola (opens in a new tab)\" href=\"http:\/\/www.agr1beja.pt\/wp-content\/uploads\/pais_escola.pdf\" target=\"_blank\">Projeto &#8220;Conviver e Aprender&#8221; &#8211; Pais na Escola<\/a> <br><img loading=\"lazy\" decoding=\"async\" width=\"16\" height=\"27\" class=\"wp-image-2261\" style=\"width: 16px;\" src=\"http:\/\/www.agr1beja.pt\/wp-content\/uploads\/pin_orange.png\" alt=\"\"> <a href=\"http:\/\/www.agr1beja.pt\/wp-content\/uploads\/estudo_cencias_fisica_final.pdf\" target=\"_blank\" rel=\"noreferrer noopener\" aria-label=\"Ci\u00eancias Experimentais - Pesquisa sobre os Sistemas (opens in a new tab)\">Ci\u00eancias Experimentais &#8211; Pesquisa sobre os Sistemas<\/a><\/p>\n\n\n\n<p>\u00daltima atualiza\u00e7\u00e3o deste conte\u00fado: 02\/02\/2023<\/p>\n","protected":false},"excerpt":{"rendered":"<p>Experi\u00eancias 1APG Magnetismo &#8211; Experi\u00eancias com \u00edmanes A brincar, a brincar\u2026 encontramos a ci\u00eancia A import\u00e2ncia da \u00e1gua no nosso corpo O a\u00e7\u00facar A nossa hortinha (v\u00eddeo) Ci\u00eancias Experimentais &#8211; Turma 4CSM (v\u00eddeo) Os Pais v\u00eam \u00e0 Escola &#8211; Foguet\u00e3o <a href=\"https:\/\/www.agr1beja.pt\/?page_id=5501\" class=\"read-more\">Ler mais &#8230;<\/a><\/p>\n","protected":false},"author":1,"featured_media":0,"parent":0,"menu_order":0,"comment_status":"closed","ping_status":"closed","template":"","meta":{"cybocfi_hide_featured_image":"","footnotes":""},"_links":{"self":[{"href":"https:\/\/www.agr1beja.pt\/index.php?rest_route=\/wp\/v2\/pages\/5501"}],"collection":[{"href":"https:\/\/www.agr1beja.pt\/index.php?rest_route=\/wp\/v2\/pages"}],"about":[{"href":"https:\/\/www.agr1beja.pt\/index.php?rest_route=\/wp\/v2\/types\/page"}],"author":[{"embeddable":true,"href":"https:\/\/www.agr1beja.pt\/index.php?rest_route=\/wp\/v2\/users\/1"}],"replies":[{"embeddable":true,"href":"https:\/\/www.agr1beja.pt\/index.php?rest_route=%2Fwp%2Fv2%2Fcomments&post=5501"}],"version-history":[{"count":23,"href":"https:\/\/www.agr1beja.pt\/index.php?rest_route=\/wp\/v2\/pages\/5501\/revisions"}],"predecessor-version":[{"id":5576,"href":"https:\/\/www.agr1beja.pt\/index.php?rest_route=\/wp\/v2\/pages\/5501\/revisions\/5576"}],"wp:attachment":[{"href":"https:\/\/www.agr1beja.pt\/index.php?rest_route=%2Fwp%2Fv2%2Fmedia&parent=5501"}],"curies":[{"name":"wp","href":"https:\/\/api.w.org\/{rel}","templated":true}]}}