{"id":4701,"date":"2022-07-24T15:39:31","date_gmt":"2022-07-24T15:39:31","guid":{"rendered":"http:\/\/www.agr1beja.pt\/?page_id=4701"},"modified":"2024-08-30T07:33:06","modified_gmt":"2024-08-30T07:33:06","slug":"auxiliar-de-farmacia","status":"publish","type":"page","link":"https:\/\/www.agr1beja.pt\/?page_id=4701","title":{"rendered":"T\u00e9cnico Auxiliar de Farm\u00e1cia"},"content":{"rendered":"\n<p class=\"has-drop-cap justify-text\" style=\"font-size:21px\">Este curso visa a forma\u00e7\u00e3o de profissionais aptos a assegurar a execu\u00e7\u00e3o de todos os atos inerentes ao exerc\u00edcio de fun\u00e7\u00f5es de coadjuva\u00e7\u00e3o na \u00e1rea farmac\u00eautica, sob o controlo e supervis\u00e3o do diretor t\u00e9cnico da farm\u00e1cia, em conformidade com a regulamenta\u00e7\u00e3o aplic\u00e1vel e as normas de seguran\u00e7a e sa\u00fade no trabalho e de qualidade.<\/p>\n\n\n\n<p class=\"has-vivid-cyan-blue-color has-text-color has-link-color wp-elements-37ad76858137e1eba28973ff5bcc1d87\" style=\"font-size:21px\"><strong>Ficas habilitado(a) a:<\/strong><\/p>\n\n\n\n<ul>\n<li style=\"font-size:21px\">Dispensar medicamentos, promovendo o seu uso correto, efetivo e seguro, sob o controlo e supervis\u00e3o do diretor t\u00e9cnico da farm\u00e1cia.<\/li>\n\n\n\n<li style=\"font-size:21px\">Dispensar produtos de sa\u00fade e outros produtos previstos na legisla\u00e7\u00e3o aplic\u00e1vel \u00e0 farm\u00e1cia de oficina, sob o controlo e supervis\u00e3o do diretor t\u00e9cnico da farm\u00e1cia.<\/li>\n\n\n\n<li style=\"font-size:21px\">Efetuar a rece\u00e7\u00e3o, confer\u00eancia e armazenamento de medicamentos, produtos de sa\u00fade e outros produtos previstos na legisla\u00e7\u00e3o aplic\u00e1vel \u00e0 farm\u00e1cia de oficina.<\/li>\n\n\n\n<li style=\"font-size:21px\">Gerir encomendas.<\/li>\n\n\n\n<li style=\"font-size:21px\">Efetuar a rece\u00e7\u00e3o e confer\u00eancia de encomendas, bem como o tratamento de devolu\u00e7\u00f5es.<\/li>\n\n\n\n<li style=\"font-size:21px\">Efetuar a marca\u00e7\u00e3o de pre\u00e7os.<\/li>\n\n\n\n<li style=\"font-size:21px\">Efetuar o controlo de exist\u00eancias e correspondentes prazos de validade.<\/li>\n\n\n\n<li style=\"font-size:21px\">Efetuar a inventaria\u00e7\u00e3o e armazenamento das encomendas e assegurar o controlo dos registos em sistema.<\/li>\n\n\n\n<li style=\"font-size:21px\">Efetuar a confer\u00eancia de receitu\u00e1rio.<\/li>\n\n\n\n<li style=\"font-size:21px\">Assegurar as condi\u00e7\u00f5es de higiene, seguran\u00e7a e sa\u00fade no trabalho.<\/li>\n\n\n\n<li style=\"font-size:21px\">Controlar e registar os par\u00e2metros adequados \u00e0 conserva\u00e7\u00e3o dos produtos na farm\u00e1cia.<\/li>\n\n\n\n<li style=\"font-size:21px\">Assegurar o atendimento e dispensa ao utente\/cliente.<\/li>\n\n\n\n<li style=\"font-size:21px\">Comunicar com os v\u00e1rios p\u00fablicos da farm\u00e1cia (utentes\/clientes, fornecedores, equipa da farm\u00e1cia, entidades reguladoras e de fiscaliza\u00e7\u00e3o, outros profissionais de sa\u00fade, entre outras).<\/li>\n\n\n\n<li style=\"font-size:21px\">Efetuar, sempre que aplic\u00e1vel, os registos associados \u00e0s atividades da farm\u00e1cia de oficina, bem como ao sistema de gest\u00e3o da qualidade.<\/li>\n<\/ul>\n\n\n\n<p class=\"has-vivid-cyan-blue-color has-text-color has-link-color wp-elements-c8959a81a15a9815f0663d480285214c\" style=\"font-size:21px\"><strong>Podes trabalhar em:<\/strong><\/p>\n\n\n\n<ul>\n<li style=\"font-size:21px\">Farm\u00e1cias comunit\u00e1rias;<\/li>\n\n\n\n<li style=\"font-size:21px\">Parafarm\u00e1cias;<\/li>\n\n\n\n<li style=\"font-size:21px\">Ervan\u00e1rias;<\/li>\n\n\n\n<li style=\"font-size:21px\">Espa\u00e7os de sa\u00fade.<\/li>\n<\/ul>\n\n\n\n<h4 class=\"wp-block-heading has-vivid-red-color has-text-color has-link-color wp-elements-ed1e358574725904dba0401c948c8cc0\" style=\"font-size:21px\"><strong>Plano do Curso:<\/strong><\/h4>\n\n\n\n<p style=\"font-size:21px\"><strong>Sociocultural (1000h)&nbsp;<\/strong><\/p>\n\n\n\n<p style=\"font-size:21px\"><strong>Disciplinas:<\/strong>&nbsp;Portugu\u00eas | L\u00edngua Estrangeira | \u00c1rea de Integra\u00e7\u00e3o | Educa\u00e7\u00e3o F\u00edsica | Tecnologias da Informa\u00e7\u00e3o e Comunica\u00e7\u00e3o.<\/p>\n\n\n\n<p style=\"font-size:21px\"><strong>Cient\u00edfica (450h)<\/strong><\/p>\n\n\n\n<p style=\"font-size:21px\"><strong>Disciplinas:<\/strong> Biologia e Geologia | F\u00edsica-Qu\u00edmica | Matem\u00e1tica<\/p>\n\n\n\n<p style=\"font-size:21px\"><strong>Tecnol\u00f3gica (840h)<\/strong><\/p>\n\n\n\n<p style=\"font-size:21px\"><strong>Disciplinas:<\/strong> Anatomia, Fisiologia e Farmac\u00eautica| Higiene, Seguran\u00e7a e Qualidade dos Servi\u00e7os&nbsp;| Gest\u00e3o e Marketing&nbsp;| Ingl\u00eas T\u00e9cnico.<\/p>\n\n\n\n<p style=\"font-size:21px\"><strong>Forma\u00e7\u00e3o em Contexto de Trabalho (600h).<\/strong><\/p>\n\n\n\n<p style=\"font-size:21px\">Mais informa\u00e7\u00f5es sobre este curso <strong><a href=\"https:\/\/catalogo.anqep.gov.pt\/qualificacoesDetalhe\/7319\">aqui<\/a><\/strong> (s\u00edtio oficial do Cat\u00e1logo Nacional de Qualifica\u00e7\u00f5es)<\/p>\n","protected":false},"excerpt":{"rendered":"<p>Este curso visa a forma\u00e7\u00e3o de profissionais aptos a assegurar a execu\u00e7\u00e3o de todos os atos inerentes ao exerc\u00edcio de fun\u00e7\u00f5es de coadjuva\u00e7\u00e3o na \u00e1rea farmac\u00eautica, sob o controlo e supervis\u00e3o do diretor t\u00e9cnico da farm\u00e1cia, em conformidade com a <a href=\"https:\/\/www.agr1beja.pt\/?page_id=4701\" class=\"read-more\">Ler mais &#8230;<\/a><\/p>\n","protected":false},"author":1,"featured_media":4899,"parent":4614,"menu_order":0,"comment_status":"closed","ping_status":"closed","template":"","meta":{"cybocfi_hide_featured_image":"","footnotes":""},"_links":{"self":[{"href":"https:\/\/www.agr1beja.pt\/index.php?rest_route=\/wp\/v2\/pages\/4701"}],"collection":[{"href":"https:\/\/www.agr1beja.pt\/index.php?rest_route=\/wp\/v2\/pages"}],"about":[{"href":"https:\/\/www.agr1beja.pt\/index.php?rest_route=\/wp\/v2\/types\/page"}],"author":[{"embeddable":true,"href":"https:\/\/www.agr1beja.pt\/index.php?rest_route=\/wp\/v2\/users\/1"}],"replies":[{"embeddable":true,"href":"https:\/\/www.agr1beja.pt\/index.php?rest_route=%2Fwp%2Fv2%2Fcomments&post=4701"}],"version-history":[{"count":17,"href":"https:\/\/www.agr1beja.pt\/index.php?rest_route=\/wp\/v2\/pages\/4701\/revisions"}],"predecessor-version":[{"id":8126,"href":"https:\/\/www.agr1beja.pt\/index.php?rest_route=\/wp\/v2\/pages\/4701\/revisions\/8126"}],"up":[{"embeddable":true,"href":"https:\/\/www.agr1beja.pt\/index.php?rest_route=\/wp\/v2\/pages\/4614"}],"wp:featuredmedia":[{"embeddable":true,"href":"https:\/\/www.agr1beja.pt\/index.php?rest_route=\/wp\/v2\/media\/4899"}],"wp:attachment":[{"href":"https:\/\/www.agr1beja.pt\/index.php?rest_route=%2Fwp%2Fv2%2Fmedia&parent=4701"}],"curies":[{"name":"wp","href":"https:\/\/api.w.org\/{rel}","templated":true}]}}