{"id":4639,"date":"2021-07-23T15:57:57","date_gmt":"2021-07-23T15:57:57","guid":{"rendered":"https:\/\/wp-anpri.pt\/esdg\/?page_id=910"},"modified":"2022-09-07T17:58:22","modified_gmt":"2022-09-07T17:58:22","slug":"recuperacoes-extraordinarias","status":"publish","type":"page","link":"https:\/\/www.agr1beja.pt\/?page_id=4639","title":{"rendered":"Recupera\u00e7\u00f5es Extraordin\u00e1rias"},"content":{"rendered":"\n<p class=\"has-background has-luminous-vivid-amber-background-color\"> <strong>J\u00e1 n\u00e3o \u00e9 poss\u00edvel preencheres o formul\u00e1rio de Inscri\u00e7\u00e3o na recupera\u00e7\u00e3o Extraordin\u00e1ria pretendida!<br>Experimenta contactar os Servi\u00e7os Administrativos se considerares que se trata de um erro.  <\/strong><\/p>\n\n\n\n<p>Os alunos t\u00eam a possibilidade de requerer a recupera\u00e7\u00e3o dos m\u00f3dulos em atraso atrav\u00e9s de uma prova de avalia\u00e7\u00e3o extraordin\u00e1ria, a realizar:<br>a) Nas semanas imediatamente ap\u00f3s a interrup\u00e7\u00e3o das atividades letivas no per\u00edodo da P\u00e1scoa, s\u00f3 para alunos internos;<br>b) No final do ano letivo (junho\/julho), s\u00f3 aplic\u00e1vel a alunos internos do 3.\u00ba ano do curso, e alunos externos;<br>c) No in\u00edcio do ano letivo (setembro\/outubro), para alunos internos e externos.<\/p>\n\n\n\n<p><\/p>\n","protected":false},"excerpt":{"rendered":"<p>J\u00e1 n\u00e3o \u00e9 poss\u00edvel preencheres o formul\u00e1rio de Inscri\u00e7\u00e3o na recupera\u00e7\u00e3o Extraordin\u00e1ria pretendida!Experimenta contactar os Servi\u00e7os Administrativos se considerares que se trata de um erro. Os alunos t\u00eam a possibilidade de requerer a recupera\u00e7\u00e3o dos m\u00f3dulos em atraso atrav\u00e9s de <a href=\"https:\/\/www.agr1beja.pt\/?page_id=4639\" class=\"read-more\">Ler mais &#8230;<\/a><\/p>\n","protected":false},"author":2,"featured_media":0,"parent":0,"menu_order":0,"comment_status":"closed","ping_status":"closed","template":"","meta":{"cybocfi_hide_featured_image":"","footnotes":""},"_links":{"self":[{"href":"https:\/\/www.agr1beja.pt\/index.php?rest_route=\/wp\/v2\/pages\/4639"}],"collection":[{"href":"https:\/\/www.agr1beja.pt\/index.php?rest_route=\/wp\/v2\/pages"}],"about":[{"href":"https:\/\/www.agr1beja.pt\/index.php?rest_route=\/wp\/v2\/types\/page"}],"author":[{"embeddable":true,"href":"https:\/\/www.agr1beja.pt\/index.php?rest_route=\/wp\/v2\/users\/2"}],"replies":[{"embeddable":true,"href":"https:\/\/www.agr1beja.pt\/index.php?rest_route=%2Fwp%2Fv2%2Fcomments&post=4639"}],"version-history":[{"count":5,"href":"https:\/\/www.agr1beja.pt\/index.php?rest_route=\/wp\/v2\/pages\/4639\/revisions"}],"predecessor-version":[{"id":4991,"href":"https:\/\/www.agr1beja.pt\/index.php?rest_route=\/wp\/v2\/pages\/4639\/revisions\/4991"}],"wp:attachment":[{"href":"https:\/\/www.agr1beja.pt\/index.php?rest_route=%2Fwp%2Fv2%2Fmedia&parent=4639"}],"curies":[{"name":"wp","href":"https:\/\/api.w.org\/{rel}","templated":true}]}}