{"id":4614,"date":"2021-06-19T23:51:02","date_gmt":"2021-06-19T23:51:02","guid":{"rendered":"https:\/\/wp-anpri.pt\/esdg\/?page_id=690"},"modified":"2026-01-06T17:51:37","modified_gmt":"2026-01-06T17:51:37","slug":"ensino-profissional","status":"publish","type":"page","link":"https:\/\/www.agr1beja.pt\/?page_id=4614","title":{"rendered":"Cursos Profissionais"},"content":{"rendered":"\n<p class=\"has-text-align-center has-luminous-vivid-amber-background-color has-text-color has-background has-large-font-size\" style=\"color:#121565\"><strong><em>Um futuro para ti, perto de ti!<\/em><\/strong><\/p>\n\n\n\n<div class=\"wp-block-columns has-5-columns is-layout-flex wp-container-core-columns-layout-1 wp-block-columns-is-layout-flex\">\n<div class=\"wp-block-column is-layout-flow wp-block-column-is-layout-flow\">\n<figure class=\"wp-block-image\"><a href=\"https:\/\/www.agr1beja.pt\/?page_id=4701\"><img loading=\"lazy\" decoding=\"async\" width=\"378\" height=\"375\" src=\"http:\/\/www.agr1beja.pt\/wp-content\/uploads\/CPTAF-1.png\" alt=\"\" class=\"wp-image-4899\" srcset=\"https:\/\/www.agr1beja.pt\/wp-content\/uploads\/CPTAF-1.png 378w, https:\/\/www.agr1beja.pt\/wp-content\/uploads\/CPTAF-1-150x150.png 150w, https:\/\/www.agr1beja.pt\/wp-content\/uploads\/CPTAF-1-300x298.png 300w, https:\/\/www.agr1beja.pt\/wp-content\/uploads\/CPTAF-1-272x270.png 272w\" sizes=\"(max-width: 378px) 100vw, 378px\" \/><\/a><\/figure>\n<\/div>\n\n\n\n<div class=\"wp-block-column is-layout-flow wp-block-column-is-layout-flow\">\n<figure class=\"wp-block-image\"><a href=\"https:\/\/www.agr1beja.pt\/?page_id=4611\"><img loading=\"lazy\" decoding=\"async\" width=\"376\" height=\"373\" src=\"https:\/\/www.agr1beja.pt\/wp-content\/uploads\/CPTAS-2.png\" alt=\"\" class=\"wp-image-4889\" srcset=\"https:\/\/www.agr1beja.pt\/wp-content\/uploads\/CPTAS-2.png 376w, https:\/\/www.agr1beja.pt\/wp-content\/uploads\/CPTAS-2-150x150.png 150w, https:\/\/www.agr1beja.pt\/wp-content\/uploads\/CPTAS-2-300x298.png 300w, https:\/\/www.agr1beja.pt\/wp-content\/uploads\/CPTAS-2-272x270.png 272w\" sizes=\"(max-width: 376px) 100vw, 376px\" \/><\/a><\/figure>\n<\/div>\n\n\n\n<div class=\"wp-block-column is-layout-flow wp-block-column-is-layout-flow\">\n<figure class=\"wp-block-image\"><a href=\"https:\/\/www.agr1beja.pt\/?page_id=676\"><img loading=\"lazy\" decoding=\"async\" width=\"376\" height=\"375\" src=\"https:\/\/www.agr1beja.pt\/wp-content\/uploads\/CPTD-1.png\" alt=\"\" class=\"wp-image-4890\" srcset=\"https:\/\/www.agr1beja.pt\/wp-content\/uploads\/CPTD-1.png 376w, https:\/\/www.agr1beja.pt\/wp-content\/uploads\/CPTD-1-150x150.png 150w, https:\/\/www.agr1beja.pt\/wp-content\/uploads\/CPTD-1-300x300.png 300w, https:\/\/www.agr1beja.pt\/wp-content\/uploads\/CPTD-1-271x270.png 271w\" sizes=\"(max-width: 376px) 100vw, 376px\" \/><\/a><\/figure>\n<\/div>\n\n\n\n<div class=\"wp-block-column is-layout-flow wp-block-column-is-layout-flow\">\n<figure class=\"wp-block-image\"><a href=\"https:\/\/www.agr1beja.pt\/?page_id=673\"><img loading=\"lazy\" decoding=\"async\" width=\"372\" height=\"372\" src=\"https:\/\/www.agr1beja.pt\/wp-content\/uploads\/CPTM-1.png\" alt=\"\" class=\"wp-image-4891\" srcset=\"https:\/\/www.agr1beja.pt\/wp-content\/uploads\/CPTM-1.png 372w, https:\/\/www.agr1beja.pt\/wp-content\/uploads\/CPTM-1-150x150.png 150w, https:\/\/www.agr1beja.pt\/wp-content\/uploads\/CPTM-1-300x300.png 300w, https:\/\/www.agr1beja.pt\/wp-content\/uploads\/CPTM-1-270x270.png 270w\" sizes=\"(max-width: 372px) 100vw, 372px\" \/><\/a><\/figure>\n<\/div>\n\n\n\n<div class=\"wp-block-column is-layout-flow wp-block-column-is-layout-flow\">\n<figure class=\"wp-block-image\"><a href=\"https:\/\/www.agr1beja.pt\/?page_id=685\"><img loading=\"lazy\" decoding=\"async\" width=\"375\" height=\"372\" src=\"https:\/\/www.agr1beja.pt\/wp-content\/uploads\/CPTPC-1.png\" alt=\"\" class=\"wp-image-4892\" srcset=\"https:\/\/www.agr1beja.pt\/wp-content\/uploads\/CPTPC-1.png 375w, https:\/\/www.agr1beja.pt\/wp-content\/uploads\/CPTPC-1-150x150.png 150w, https:\/\/www.agr1beja.pt\/wp-content\/uploads\/CPTPC-1-300x298.png 300w, https:\/\/www.agr1beja.pt\/wp-content\/uploads\/CPTPC-1-272x270.png 272w\" sizes=\"(max-width: 375px) 100vw, 375px\" \/><\/a><\/figure>\n<\/div>\n<\/div>\n\n\n\n<div class=\"wp-block-columns has-2-columns is-layout-flex wp-container-core-columns-layout-2 wp-block-columns-is-layout-flex\">\n<div class=\"wp-block-column is-layout-flow wp-block-column-is-layout-flow\">\n<h3 class=\"wp-block-heading has-text-align-center\" style=\"font-size:24px\"><strong>N\u00edvel 4 do Quadro Nacional&nbsp;de Qualifica\u00e7\u00f5es<\/strong><\/h3>\n\n\n\n<p><\/p>\n\n\n\n<h3 class=\"wp-block-heading has-text-align-center\" style=\"font-size:24px\"><strong>Frequ\u00eancia Gratuita<\/strong><\/h3>\n\n\n\n<p class=\"justify-text\" style=\"font-size:20px\">Percurso do ensino secund\u00e1rio com a dura\u00e7\u00e3o de 3 anos letivos e com uma forte liga\u00e7\u00e3o ao mundo profissional.<\/p>\n\n\n\n<p class=\"justify-text\" style=\"font-size:20px\"><strong>Os Cursos de Ensino Profissional permitem o prosseguimento de estudos num Curso de Especializa\u00e7\u00e3o Tecnol\u00f3gica, num Curso T\u00e9cnico Superior Profissional ou no Ensino Superior.<\/strong><\/p>\n\n\n\n<p class=\"justify-text\" style=\"font-size:20px\">Os Cursos de Ensino Profissional desenvolvem compet\u00eancias pessoais e profissionais para o exerc\u00edcio de uma profiss\u00e3o indo de encontro \u00e0s necessidades de trabalho locais, nacionais e internacionais.<\/p>\n\n\n\n<p class=\"justify-text\" style=\"font-size:20px\">Um Curso de Ensino Profissional, uma das variantes do Ensino Secund\u00e1rio estabelecida em Portugal em 1989, proporciona aos seus detentores uma qualifica\u00e7\u00e3o profissional de n\u00edvel 4, de acordo com a nova escala de 1 a 8 produzida pela Portaria 782\/2009, de 23 de Julho.&nbsp;Para al\u00e9m disso, proporciona igualmente o acesso ao Ensino Superior.<\/p>\n\n\n\n<p class=\"justify-text\" style=\"font-size:20px\">A referida portaria transp\u00f5e para a legisla\u00e7\u00e3o Portuguesa a estrutura dos n\u00edveis de forma\u00e7\u00e3o profissional definidos pela Decis\u00e3o n.\u00ba 85\/368\/CEE, do Conselho, de 16 de Julho, publicada no Jornal Oficial das Comunidades Europeias, n.\u00ba L-199, de 31 de Julho de 1985. <a href=\"https:\/\/wp-anpri.pt\/esdg\/wp-content\/uploads\/2021\/07\/Port782_2009.pdf\" target=\"_blank\" rel=\"noreferrer noopener\"><strong>Ver legisla\u00e7\u00e3o<\/strong><\/a><\/p>\n\n\n\n<h3 class=\"wp-block-heading\" style=\"font-size:24px\"><strong>Condi\u00e7\u00f5es de acesso:<\/strong><\/h3>\n\n\n\n<ul>\n<li style=\"font-size:20px\">Ter conclu\u00eddo o 9.\u00ba ano de escolaridade ou equivalente;<\/li>\n\n\n\n<li style=\"font-size:20px\">N\u00e3o ter conclu\u00eddo o 12.\u00ba ano de escolaridade ou equivalente;<\/li>\n\n\n\n<li style=\"font-size:20px\">Idade at\u00e9 19 anos;<\/li>\n\n\n\n<li style=\"font-size:20px\">Poder\u00e3o ter 20 anos desde que n\u00e3o tenham interrompido os estudos e tenham transitado no ano letivo anterior;<\/li>\n\n\n\n<li style=\"font-size:20px\">Ter disponibilidade para a frequ\u00eancia do ciclo de forma\u00e7\u00e3o em regime diurno.<\/li>\n<\/ul>\n\n\n\n<h3 class=\"wp-block-heading\" style=\"font-size:24px\"><strong>Estes cursos conferem:<\/strong><\/h3>\n\n\n\n<ul>\n<li style=\"font-size:20px\">&nbsp; O&nbsp;ensino secund\u00e1rio (12.\u00ba ano);<\/li>\n\n\n\n<li style=\"font-size:20px\">&nbsp; Uma qualifica\u00e7\u00e3o profissional.<\/li>\n<\/ul>\n\n\n\n<p class=\"justify-text\" style=\"font-size:20px\">Estes cursos t\u00eam uma estrutura curricular organizada por m\u00f3dulos&nbsp;o que permite maior flexibilidade e respeito pelos ritmos diferenciados de aprendizagem.<\/p>\n\n\n\n<p style=\"font-size:24px\"><strong>O Plano de Estudos inclui 3 componentes de forma\u00e7\u00e3o:&nbsp;sociocultural,&nbsp;cient\u00edfica&nbsp;e&nbsp;t\u00e9cnica<\/strong>.&nbsp;<\/p>\n\n\n\n<p class=\"justify-text\" style=\"font-size:20px\">A componente t\u00e9cnica inclui obrigatoriamente uma Forma\u00e7\u00e3o em Contexto de Trabalho (FCT)\/Est\u00e1gio que visa a aquisi\u00e7\u00e3o e o desenvolvimento de compet\u00eancias relacionais e organizacionais relevantes para a qualifica\u00e7\u00e3o profissional. Estes cursos culminam com a apresenta\u00e7\u00e3o de uma Prova de Aptid\u00e3o Profissional (PAP).<\/p>\n\n\n\n<h3 class=\"wp-block-heading\" style=\"font-size:24px\"><strong>Hor\u00e1rios<\/strong><\/h3>\n\n\n\n<p style=\"font-size:20px\">Os Cursos Profissionais funcionam em regime&nbsp;diurno.<\/p>\n\n\n\n<p><\/p>\n<\/div>\n\n\n\n<div class=\"wp-block-column is-layout-flow wp-block-column-is-layout-flow\">\n<h2 class=\"wp-block-heading\" style=\"font-size:24px\"><strong>Destaques<\/strong><\/h2>\n\n\n<ul class=\"wp-block-latest-posts__list is-grid columns-3 has-dates wp-block-latest-posts\"><li><a class=\"wp-block-latest-posts__post-title\" href=\"https:\/\/www.agr1beja.pt\/?p=5853\">Cursos Profissionais da ESDG promovidos na OVIBEJA<\/a><time datetime=\"2023-04-30T10:54:10+00:00\" class=\"wp-block-latest-posts__post-date\">30\/04\/2023<\/time><\/li>\n<li><a class=\"wp-block-latest-posts__post-title\" href=\"https:\/\/www.agr1beja.pt\/?p=5250\">A TERRA TREME 2022 &#8211; Exerc\u00edcio P\u00fablico de Sensibiliza\u00e7\u00e3o<\/a><time datetime=\"2022-11-08T07:23:18+00:00\" class=\"wp-block-latest-posts__post-date\">08\/11\/2022<\/time><\/li>\n<li><a class=\"wp-block-latest-posts__post-title\" href=\"https:\/\/www.agr1beja.pt\/?p=5230\">Visita de estudo &#8211; Ag\u00eancia Nacional Erasmus +<\/a><time datetime=\"2022-11-02T13:16:45+00:00\" class=\"wp-block-latest-posts__post-date\">02\/11\/2022<\/time><\/li>\n<li><a class=\"wp-block-latest-posts__post-title\" href=\"https:\/\/www.agr1beja.pt\/?p=5228\">Atividade ERPI Nobre Freire<\/a><time datetime=\"2022-11-02T13:13:23+00:00\" class=\"wp-block-latest-posts__post-date\">02\/11\/2022<\/time><\/li>\n<li><a class=\"wp-block-latest-posts__post-title\" href=\"https:\/\/www.agr1beja.pt\/?p=5197\">Atividade &#8220;Inspiring Future&#8221; visita a ESDG<\/a><time datetime=\"2022-11-01T08:46:37+00:00\" class=\"wp-block-latest-posts__post-date\">01\/11\/2022<\/time><\/li>\n<li><a class=\"wp-block-latest-posts__post-title\" href=\"https:\/\/www.agr1beja.pt\/?p=5183\">Comemora\u00e7\u00f5es do &#8220;Dia Municipal para a Igualdade&#8221;<\/a><time datetime=\"2022-11-01T08:19:35+00:00\" class=\"wp-block-latest-posts__post-date\">01\/11\/2022<\/time><\/li>\n<li><a class=\"wp-block-latest-posts__post-title\" href=\"https:\/\/www.agr1beja.pt\/?p=5131\">Festival das Marias<\/a><time datetime=\"2022-10-04T15:40:26+00:00\" class=\"wp-block-latest-posts__post-date\">04\/10\/2022<\/time><\/li>\n<li><a class=\"wp-block-latest-posts__post-title\" href=\"https:\/\/www.agr1beja.pt\/?p=3868\">_Festival das Mari@zinh@s!<\/a><time datetime=\"2022-02-24T12:59:18+00:00\" class=\"wp-block-latest-posts__post-date\">24\/02\/2022<\/time><\/li>\n<li><a class=\"wp-block-latest-posts__post-title\" href=\"https:\/\/www.agr1beja.pt\/?p=3826\">_Dia da Internet + Segura<\/a><time datetime=\"2022-02-12T09:53:22+00:00\" class=\"wp-block-latest-posts__post-date\">12\/02\/2022<\/time><\/li>\n<li><a class=\"wp-block-latest-posts__post-title\" href=\"https:\/\/www.agr1beja.pt\/?p=3811\">_O Departamento de Biologia da U. \u00c9vora veio \u00e0 Diogo de Gouveia<\/a><time datetime=\"2022-02-04T11:15:37+00:00\" class=\"wp-block-latest-posts__post-date\">04\/02\/2022<\/time><\/li>\n<li><a class=\"wp-block-latest-posts__post-title\" href=\"https:\/\/www.agr1beja.pt\/?p=3726\">_Feliz Natal 2021 em L\u00edngua Gestual Portuguesa<\/a><time datetime=\"2021-12-15T13:58:02+00:00\" class=\"wp-block-latest-posts__post-date\">15\/12\/2021<\/time><\/li>\n<li><a class=\"wp-block-latest-posts__post-title\" href=\"https:\/\/www.agr1beja.pt\/?p=4793\">_Making of A Ressurrei\u00e7\u00e3o da Revolu\u00e7\u00e3o 2021<\/a><time datetime=\"2021-07-26T16:17:04+00:00\" class=\"wp-block-latest-posts__post-date\">26\/07\/2021<\/time><\/li>\n<li><a class=\"wp-block-latest-posts__post-title\" href=\"https:\/\/www.agr1beja.pt\/?p=4792\">_Colabora\u00e7\u00e3o dos alunos do CPT Multim\u00e9dia com o Coro Juvenil do Carmo<\/a><time datetime=\"2021-06-20T00:04:47+00:00\" class=\"wp-block-latest-posts__post-date\">20\/06\/2021<\/time><\/li>\n<li><a class=\"wp-block-latest-posts__post-title\" href=\"https:\/\/www.agr1beja.pt\/?p=4790\">_Cobertura do Torneio de Basquetebol<\/a><time datetime=\"2021-06-19T23:32:11+00:00\" class=\"wp-block-latest-posts__post-date\">19\/06\/2021<\/time><\/li>\n<li><a class=\"wp-block-latest-posts__post-title\" href=\"https:\/\/www.agr1beja.pt\/?p=4787\">_Mais um Making Of do evento A Ressurrei\u00e7\u00e3o da Revolu\u00e7\u00e3o 2021<\/a><time datetime=\"2021-06-19T20:05:03+00:00\" class=\"wp-block-latest-posts__post-date\">19\/06\/2021<\/time><\/li>\n<li><a class=\"wp-block-latest-posts__post-title\" href=\"https:\/\/www.agr1beja.pt\/?p=4786\">_Making Of do evento A Ressurrei\u00e7\u00e3o da Revolu\u00e7\u00e3o 2021<\/a><time datetime=\"2021-06-19T20:00:19+00:00\" class=\"wp-block-latest-posts__post-date\">19\/06\/2021<\/time><\/li>\n<\/ul>\n\n\n<h2 class=\"wp-block-heading\" style=\"font-size:24px\"><strong>Alice no Pa\u00eds das Maravilhas<\/strong><\/h2>\n\n\n\n<figure class=\"wp-block-gallery has-nested-images columns-default is-cropped wp-block-gallery-1 is-layout-flex wp-block-gallery-is-layout-flex\">\n<figure class=\"wp-block-image\"><img loading=\"lazy\" decoding=\"async\" width=\"1024\" height=\"549\" src=\"https:\/\/www.agr1beja.pt\/wp-content\/uploads\/a1-1024x549.png\" alt=\"\" class=\"wp-image-4862\" srcset=\"https:\/\/www.agr1beja.pt\/wp-content\/uploads\/a1-1024x549.png 1024w, https:\/\/www.agr1beja.pt\/wp-content\/uploads\/a1-300x161.png 300w, https:\/\/www.agr1beja.pt\/wp-content\/uploads\/a1-768x412.png 768w, https:\/\/www.agr1beja.pt\/wp-content\/uploads\/a1-360x193.png 360w, https:\/\/www.agr1beja.pt\/wp-content\/uploads\/a1.png 1123w\" sizes=\"(max-width: 1024px) 100vw, 1024px\" \/><\/figure>\n\n\n\n<figure class=\"wp-block-image\"><img loading=\"lazy\" decoding=\"async\" width=\"1024\" height=\"536\" src=\"https:\/\/www.agr1beja.pt\/wp-content\/uploads\/a2-1024x536.png\" alt=\"\" class=\"wp-image-4863\" srcset=\"https:\/\/www.agr1beja.pt\/wp-content\/uploads\/a2-1024x536.png 1024w, https:\/\/www.agr1beja.pt\/wp-content\/uploads\/a2-300x157.png 300w, https:\/\/www.agr1beja.pt\/wp-content\/uploads\/a2-768x402.png 768w, https:\/\/www.agr1beja.pt\/wp-content\/uploads\/a2-360x189.png 360w, https:\/\/www.agr1beja.pt\/wp-content\/uploads\/a2.png 1203w\" sizes=\"(max-width: 1024px) 100vw, 1024px\" \/><\/figure>\n\n\n\n<figure class=\"wp-block-image\"><img loading=\"lazy\" decoding=\"async\" width=\"1024\" height=\"594\" src=\"https:\/\/www.agr1beja.pt\/wp-content\/uploads\/a3-1024x594.png\" alt=\"\" class=\"wp-image-4864\" srcset=\"https:\/\/www.agr1beja.pt\/wp-content\/uploads\/a3-1024x594.png 1024w, https:\/\/www.agr1beja.pt\/wp-content\/uploads\/a3-300x174.png 300w, https:\/\/www.agr1beja.pt\/wp-content\/uploads\/a3-768x445.png 768w, https:\/\/www.agr1beja.pt\/wp-content\/uploads\/a3-360x209.png 360w, https:\/\/www.agr1beja.pt\/wp-content\/uploads\/a3.png 1123w\" sizes=\"(max-width: 1024px) 100vw, 1024px\" \/><\/figure>\n<\/figure>\n\n\n\n<p class=\"justify-text\" style=\"font-size:20px\">No passado dia 21 de maio, os alunos do Curso Profissional T\u00e9cnico de Multim\u00e9dia realizaram a transmiss\u00e3o em direto da conhecida pe\u00e7a de teatro &#8220;Alice no Pa\u00eds das Maravilhas&#8221;, pela oficina de teatro da Capricho Bejense.  Para assistir, <a rel=\"noreferrer noopener\" href=\"https:\/\/youtu.be\/UPYj5mkZYA0\" target=\"_blank\">clique aqui<\/a>. <\/p>\n\n\n\n<h2 class=\"wp-block-heading\" style=\"font-size:24px\">Cantata&nbsp;\u201cAtrairei Todos a Mim\u201d <\/h2>\n\n\n\n<figure class=\"wp-block-image\"><img loading=\"lazy\" decoding=\"async\" width=\"1024\" height=\"508\" src=\"https:\/\/www.agr1beja.pt\/wp-content\/uploads\/cantata-1024x508.png\" alt=\"\" class=\"wp-image-4875\" srcset=\"https:\/\/www.agr1beja.pt\/wp-content\/uploads\/cantata-1024x508.png 1024w, https:\/\/www.agr1beja.pt\/wp-content\/uploads\/cantata-300x149.png 300w, https:\/\/www.agr1beja.pt\/wp-content\/uploads\/cantata-768x381.png 768w, https:\/\/www.agr1beja.pt\/wp-content\/uploads\/cantata-360x179.png 360w, https:\/\/www.agr1beja.pt\/wp-content\/uploads\/cantata.png 1213w\" sizes=\"(max-width: 1024px) 100vw, 1024px\" \/><\/figure>\n\n\n\n<figure class=\"wp-block-image\"><img loading=\"lazy\" decoding=\"async\" width=\"1024\" height=\"513\" src=\"https:\/\/www.agr1beja.pt\/wp-content\/uploads\/cantata-2-1024x513.png\" alt=\"\" class=\"wp-image-4876\" srcset=\"https:\/\/www.agr1beja.pt\/wp-content\/uploads\/cantata-2-1024x513.png 1024w, https:\/\/www.agr1beja.pt\/wp-content\/uploads\/cantata-2-300x150.png 300w, https:\/\/www.agr1beja.pt\/wp-content\/uploads\/cantata-2-768x385.png 768w, https:\/\/www.agr1beja.pt\/wp-content\/uploads\/cantata-2-360x180.png 360w, https:\/\/www.agr1beja.pt\/wp-content\/uploads\/cantata-2.png 1201w\" sizes=\"(max-width: 1024px) 100vw, 1024px\" \/><\/figure>\n\n\n\n<p class=\"justify-text\" style=\"font-size:20px\">No dia 19 de mar\u00e7o, os alunos dos v\u00e1rios anos do Curso Profissional T\u00e9cnico de Multim\u00e9dia, realizaram a transmiss\u00e3o em direto do concerto comemorativo do Centen\u00e1rio da entrada na Diocese de Beja do Bispo D. Jos\u00e9 do Patroc\u00ednio Dias,&nbsp;cantata&nbsp;\u201cAtrairei Todos a Mim\u201d. Os alunos ajudaram, ainda, no transporte, prepara\u00e7\u00e3o do equipamento e do espa\u00e7o para a transmiss\u00e3o em direto para o nosso canal do Youtube, proporcionando a uma vasta comunidade assistir a este magn\u00edfico concerto. <a href=\"https:\/\/www.youtube.com\/watch?v=hz3F_CDZx6o&amp;t=3945s\" target=\"_blank\" rel=\"noreferrer noopener\" aria-label=\"Assistir aqui (opens in a new tab)\">Assistir aqui<\/a>.<\/p>\n<\/div>\n<\/div>\n\n\n\n<p style=\"font-size:22px\">Cursos Profissionais (2023-2024) &#8211; <strong><a href=\"http:\/\/www.agr1beja.pt\/wp-content\/uploads\/profissionais_ficha_operacao_23_24.pdf\" target=\"_blank\" rel=\"noreferrer noopener\">Ficha de Opera\u00e7\u00e3o<\/a><\/strong><br>Cursos Profissionais (2023-2024) &#8211; <strong><a href=\"http:\/\/www.agr1beja.pt\/wp-content\/uploads\/profissionais_placa_23_24.pdf\" target=\"_blank\" rel=\"noreferrer noopener\">Placa<\/a><\/strong><br>Cursos Profissionais (2024-2025) &#8211; <strong><a href=\"http:\/\/www.agr1beja.pt\/wp-content\/uploads\/PESSOAS2030_FichaOperacao_A4_com_selo-beja-24_25.pdf\" target=\"_blank\" rel=\"noreferrer noopener\">Ficha de Opera\u00e7\u00e3o<\/a><\/strong><\/p>\n\n\n\n<p style=\"font-size:10px\">Esta p\u00e1gina foi atualizada em 06-01-2026<\/p>\n","protected":false},"excerpt":{"rendered":"<p>Um futuro para ti, perto de ti! N\u00edvel 4 do Quadro Nacional&nbsp;de Qualifica\u00e7\u00f5es Frequ\u00eancia Gratuita Percurso do ensino secund\u00e1rio com a dura\u00e7\u00e3o de 3 anos letivos e com uma forte liga\u00e7\u00e3o ao mundo profissional. Os Cursos de Ensino Profissional permitem <a href=\"https:\/\/www.agr1beja.pt\/?page_id=4614\" class=\"read-more\">Ler mais &#8230;<\/a><\/p>\n","protected":false},"author":2,"featured_media":628,"parent":0,"menu_order":0,"comment_status":"closed","ping_status":"closed","template":"","meta":{"cybocfi_hide_featured_image":"","footnotes":""},"_links":{"self":[{"href":"https:\/\/www.agr1beja.pt\/index.php?rest_route=\/wp\/v2\/pages\/4614"}],"collection":[{"href":"https:\/\/www.agr1beja.pt\/index.php?rest_route=\/wp\/v2\/pages"}],"about":[{"href":"https:\/\/www.agr1beja.pt\/index.php?rest_route=\/wp\/v2\/types\/page"}],"author":[{"embeddable":true,"href":"https:\/\/www.agr1beja.pt\/index.php?rest_route=\/wp\/v2\/users\/2"}],"replies":[{"embeddable":true,"href":"https:\/\/www.agr1beja.pt\/index.php?rest_route=%2Fwp%2Fv2%2Fcomments&post=4614"}],"version-history":[{"count":71,"href":"https:\/\/www.agr1beja.pt\/index.php?rest_route=\/wp\/v2\/pages\/4614\/revisions"}],"predecessor-version":[{"id":10662,"href":"https:\/\/www.agr1beja.pt\/index.php?rest_route=\/wp\/v2\/pages\/4614\/revisions\/10662"}],"wp:featuredmedia":[{"embeddable":true,"href":"https:\/\/www.agr1beja.pt\/index.php?rest_route=\/"}],"wp:attachment":[{"href":"https:\/\/www.agr1beja.pt\/index.php?rest_route=%2Fwp%2Fv2%2Fmedia&parent=4614"}],"curies":[{"name":"wp","href":"https:\/\/api.w.org\/{rel}","templated":true}]}}