{"id":2754,"date":"2021-04-28T10:23:33","date_gmt":"2021-04-28T10:23:33","guid":{"rendered":"http:\/\/www.agr1beja.pt\/?page_id=2754"},"modified":"2025-06-26T06:14:16","modified_gmt":"2025-06-26T06:14:16","slug":"apoio-tecnico","status":"publish","type":"page","link":"https:\/\/www.agr1beja.pt\/?page_id=2754","title":{"rendered":"Apoio T\u00e9cnico"},"content":{"rendered":"<div class=\"wp-block-image\">\n<figure class=\"aligncenter is-resized\"><img loading=\"lazy\" decoding=\"async\" width=\"600\" height=\"245\" src=\"http:\/\/www.agr1beja.pt\/wp-content\/uploads\/escola_digital_logo.jpg\" alt=\"\" class=\"wp-image-2757\" style=\"width:520px;height:auto\" srcset=\"https:\/\/www.agr1beja.pt\/wp-content\/uploads\/escola_digital_logo.jpg 600w, https:\/\/www.agr1beja.pt\/wp-content\/uploads\/escola_digital_logo-300x123.jpg 300w, https:\/\/www.agr1beja.pt\/wp-content\/uploads\/escola_digital_logo-360x147.jpg 360w\" sizes=\"(max-width: 600px) 100vw, 600px\" \/><\/figure><\/div>\n\n\n<p class=\"justify-text\" style=\"font-size:22px\">Est\u00e3o dispon\u00edveis nesta p\u00e1gina tutoriais e guias de acesso r\u00e1pido para configura\u00e7\u00e3o dos computadores do &#8220;Escola Digital&#8221;, disponibilizados aos professores.<\/p>\n\n\n\n<p style=\"font-size:20px\"><strong>GUIA R\u00c1PIDO ILUSTRADO DE CONFIGURA\u00c7\u00c3O DOS ROUTERS (KITS DE PROFESSORES E ALUNOS) PRODUZIDO PELA \u00c1REA 550 (INFORM\u00c1TICA) DO AGR1<\/strong> &#8211; <strong><a rel=\"noreferrer noopener\" aria-label=\"Consulte aqui (opens in a new tab)\" href=\"http:\/\/www.agr1beja.pt\/wp-content\/uploads\/Instalacao_Router_Escola_Digital_v2.pdf\" target=\"_blank\">AQUI<\/a><\/strong>. <\/p>\n\n\n\n<p class=\"has-medium-font-size\">GUIA DE IN\u00cdCIO R\u00c1PIDO DO <strong>ROUTER ThingsMatrix<\/strong> &#8211; <strong><a aria-label=\"AQUI (opens in a new tab)\" href=\"http:\/\/www.agr1beja.pt\/wp-content\/uploads\/thingsmatrix_inicio_rapido.pdf\" target=\"_blank\" rel=\"noreferrer noopener\">AQUI<\/a><\/strong>.<br>GUIA DE CONFIGURA\u00c7\u00c3O DO <strong>ROUTER ThingsMatrix<\/strong> PARA ACESSO \u00c0 INTERNET &#8211; <strong><a aria-label=\"AQUI (opens in a new tab)\" href=\"http:\/\/www.agr1beja.pt\/wp-content\/uploads\/thingsmatrix_configurar.pdf\" target=\"_blank\" rel=\"noreferrer noopener\">AQUI<\/a><\/strong>.<br><em>WEBSITE<\/em> DE APOIO AO PROJETO &#8220;<strong>ESCOLADIGITAL<\/strong>&#8221; (necess\u00e1rio <em>email<\/em> do AGR1) &#8211; <a href=\"https:\/\/sites.google.com\/agr1beja.pt\/apoio-escoladigital\" target=\"_blank\" rel=\"noreferrer noopener\"><strong>AQUI<\/strong>.<\/a><\/p>\n\n\n\n<p style=\"font-size:20px\">REPOR O COMPUTADOR (PC) ANTES DA DEVOLU\u00c7\u00c3O \u00c0 ESCOLA &#8211; <strong><a href=\"http:\/\/www.agr1beja.pt\/wp-content\/uploads\/av.reporpc.antes_.da_.devolucao.pdf\">AQUI<\/a><\/strong>.<\/p>\n\n\n\n<p style=\"font-size:12px\">\u00daltima atualiza\u00e7\u00e3o: 26\/06\/2025<\/p>\n","protected":false},"excerpt":{"rendered":"<p>Est\u00e3o dispon\u00edveis nesta p\u00e1gina tutoriais e guias de acesso r\u00e1pido para configura\u00e7\u00e3o dos computadores do &#8220;Escola Digital&#8221;, disponibilizados aos professores. GUIA R\u00c1PIDO ILUSTRADO DE CONFIGURA\u00c7\u00c3O DOS ROUTERS (KITS DE PROFESSORES E ALUNOS) PRODUZIDO PELA \u00c1REA 550 (INFORM\u00c1TICA) DO AGR1 &#8211; <a href=\"https:\/\/www.agr1beja.pt\/?page_id=2754\" class=\"read-more\">Ler mais &#8230;<\/a><\/p>\n","protected":false},"author":1,"featured_media":0,"parent":0,"menu_order":0,"comment_status":"closed","ping_status":"closed","template":"","meta":{"cybocfi_hide_featured_image":"","footnotes":""},"_links":{"self":[{"href":"https:\/\/www.agr1beja.pt\/index.php?rest_route=\/wp\/v2\/pages\/2754"}],"collection":[{"href":"https:\/\/www.agr1beja.pt\/index.php?rest_route=\/wp\/v2\/pages"}],"about":[{"href":"https:\/\/www.agr1beja.pt\/index.php?rest_route=\/wp\/v2\/types\/page"}],"author":[{"embeddable":true,"href":"https:\/\/www.agr1beja.pt\/index.php?rest_route=\/wp\/v2\/users\/1"}],"replies":[{"embeddable":true,"href":"https:\/\/www.agr1beja.pt\/index.php?rest_route=%2Fwp%2Fv2%2Fcomments&post=2754"}],"version-history":[{"count":17,"href":"https:\/\/www.agr1beja.pt\/index.php?rest_route=\/wp\/v2\/pages\/2754\/revisions"}],"predecessor-version":[{"id":9851,"href":"https:\/\/www.agr1beja.pt\/index.php?rest_route=\/wp\/v2\/pages\/2754\/revisions\/9851"}],"wp:attachment":[{"href":"https:\/\/www.agr1beja.pt\/index.php?rest_route=%2Fwp%2Fv2%2Fmedia&parent=2754"}],"curies":[{"name":"wp","href":"https:\/\/api.w.org\/{rel}","templated":true}]}}