{"id":2233,"date":"2020-10-22T17:48:38","date_gmt":"2020-10-22T17:48:38","guid":{"rendered":"http:\/\/www.agr1beja.pt\/?page_id=2233"},"modified":"2023-10-13T15:00:25","modified_gmt":"2023-10-13T15:00:25","slug":"erasmus-concluidos","status":"publish","type":"page","link":"https:\/\/www.agr1beja.pt\/?page_id=2233","title":{"rendered":"Erasmus+ conclu\u00eddos"},"content":{"rendered":"\n<p style=\"font-size:19px\"><img loading=\"lazy\" decoding=\"async\" width=\"16\" height=\"27\" class=\"wp-image-2245\" style=\"width: 16px;\" src=\"http:\/\/www.agr1beja.pt\/wp-content\/uploads\/pin.png\" alt=\"\"> <strong>Projeto Erasmus+ \u201cHealthy Life \u2013 Healthy Kids \u2013 Healthy Future\u201d (2019-1-BG01-KA229-062232_4)<\/strong><br>Neste projeto, o nosso Agrupamento de Escolas est\u00e1 a trabalhar com parceiros da Bulg\u00e1ria, da Rom\u00e9nia e da Rep\u00fablica da Maced\u00f3nia do Norte. J\u00e1 foi realizada a mobilidade inicial a Elazig, na Turquia, entre os dias 24 e 30 de Novembro de 2019, onde fomos representados pelos docentes Herlander Mira (coordenador do projeto), Lu\u00eds Carvoeiras e Maria Jos\u00e9 Barroca. A mobilidade prevista para Beja, realizou-se entre 7 e 11 de mar\u00e7o de 2022 e contou com a presen\u00e7a da comitiva da Rom\u00e9nia composta por 2 professoras e 5 alunas. O nosso agrupamento teve o envolvimento de 8 docentes e um total de 21 alunos. As escolas da Bulg\u00e1ria e da Maced\u00f3nia do Norte participaram no encontro apenas \u00e0 dist\u00e2ncia, devido a restri\u00e7\u00f5es causadas pela Covid-19.<br>A pr\u00f3xima mobilidade ser\u00e1 em Perisoru, na Rom\u00e9nia, e decorrer\u00e1 entre os dias 4 e 8 de abril. O nosso agrupamento ser\u00e1 representado por 2 professores e 5 alunos.<br>A calendariza\u00e7\u00e3o prevista das mobilidades \u00e9 a seguinte:<br><strong>Portugal (Beja)<\/strong> &#8211; Mar\u00e7o de 2022 (v\u00eddeo do encontro <a rel=\"noreferrer noopener\" href=\"https:\/\/drive.google.com\/file\/d\/1I9Hak-vlbTjLWckKFFVit-9sKsr1u90U\/view\" target=\"_blank\"><strong>aqui,<\/strong><\/a> link para o programa <strong><a rel=\"noreferrer noopener\" href=\"http:\/\/www.agr1beja.pt\/wp-content\/uploads\/Healthy_programe.pdf\" target=\"_blank\">aqui<\/a><\/strong>, materiais produzidos: <a rel=\"noreferrer noopener\" href=\"http:\/\/www.agr1beja.pt\/wp-content\/uploads\/healthy_en.pdf\" target=\"_blank\"><strong>Estat\u00edstica Healthy<\/strong><\/a>, <strong><a rel=\"noreferrer noopener\" href=\"http:\/\/www.agr1beja.pt\/wp-content\/uploads\/obesity.pdf\" target=\"_blank\">Obesity<\/a><\/strong>)<br><strong>Rom\u00e9nia (Perisoru)<\/strong> &#8211; Abril de 2022 (programa <strong><a rel=\"noreferrer noopener\" href=\"http:\/\/www.agr1beja.pt\/wp-content\/uploads\/prg_romenia.pdf\" target=\"_blank\">aqui<\/a><\/strong>, materiais produzidos: <a rel=\"noreferrer noopener\" href=\"http:\/\/www.agr1beja.pt\/wp-content\/uploads\/lets_talk_med_diet.pdf\" target=\"_blank\"><strong>Let\u2019s Talk About the Mediterranean Diet<\/strong><\/a>)<br><strong>Rep\u00fablica da Maced\u00f3nia do Norte (Bitola)<\/strong> &#8211; Maio de 2022 (programa <strong><a rel=\"noreferrer noopener\" href=\"http:\/\/www.agr1beja.pt\/wp-content\/uploads\/agenda_macedonia.pdf\" target=\"_blank\">aqui<\/a><\/strong>, materiais produzidos: <strong><a rel=\"noreferrer noopener\" href=\"http:\/\/www.agr1beja.pt\/wp-content\/uploads\/diaries.pdf\" target=\"_blank\">Diaries<\/a><\/strong>)<br><strong>Bulg\u00e1ria (Ruse)<\/strong> &#8211; Junho de 2022 (programa <strong><a rel=\"noreferrer noopener\" href=\"http:\/\/www.agr1beja.pt\/wp-content\/uploads\/agenda_RUSE.pdf\" target=\"_blank\">aqui<\/a><\/strong>)<br>(programa do projeto <a rel=\"noreferrer noopener\" href=\"https:\/\/emilijakrstevska.wixsite.com\/mysite-1\" target=\"_blank\"><strong>aqu<\/strong>i<\/a>, materiais produzidos: <strong><a rel=\"noreferrer noopener\" href=\"http:\/\/www.agr1beja.pt\/wp-content\/uploads\/erasmus_catarina.pdf\" target=\"_blank\">Erasmus+ Catarina<\/a><\/strong>, <strong><a rel=\"noreferrer noopener\" href=\"http:\/\/www.agr1beja.pt\/wp-content\/uploads\/erasmus_dongle.pdf\" target=\"_blank\">Erasmus+ Dongle<\/a><\/strong>, <strong><a rel=\"noreferrer noopener\" href=\"http:\/\/www.agr1beja.pt\/wp-content\/uploads\/erasmus_lara.pdf\" target=\"_blank\">Erasmus+ Lara<\/a><\/strong>, <strong><a rel=\"noreferrer noopener\" href=\"http:\/\/www.agr1beja.pt\/wp-content\/uploads\/erasmus_samuel.pdf\" target=\"_blank\">Erasmus+ Samuel<\/a><\/strong>, <strong><a rel=\"noreferrer noopener\" href=\"http:\/\/www.agr1beja.pt\/wp-content\/uploads\/games_rules.pdf\" target=\"_blank\">Games&#8217;s Rules<\/a><\/strong>, <strong><a rel=\"noreferrer noopener\" href=\"http:\/\/www.agr1beja.pt\/wp-content\/uploads\/recipes.pdf\" target=\"_blank\">Recipes<\/a><\/strong>)<\/p>\n\n\n\n<p class=\"justify-text\" style=\"font-size:19px\"><img loading=\"lazy\" decoding=\"async\" width=\"16\" height=\"27\" class=\"wp-image-2245\" style=\"width: 16px;\" src=\"http:\/\/www.agr1beja.pt\/wp-content\/uploads\/pin.png\" alt=\"\"> <strong>Projeto Erasmus+ \u201cHow to Survive in Nature?\u201d (2019-1-LT01-KA229-060736)<\/strong><br>O Agrupamento de Escolas n\u00ba1 de Beja est\u00e1 a trabalhar com parceiros da Litu\u00e2nia, da Turquia, da Rom\u00e9nia e da Eslov\u00e9nia. J\u00e1 foi realizada a primeira mobilidade de professores \u00e0 Turquia &#8211; de 26 a 30 de Novembro de 2019. Os docentes S\u00e9rgio Rocha (coordenador do projeto), Teresa Carocinho e Gra\u00e7a Castilho representaram o agrupamento neste primeiro encontro do projeto em Istambul. As mobilidades foram reagendadas devido ao COVID-19. Na \u00faltima semana de setembro de 2021 ter\u00e1 lugar o encontro na Rom\u00e9nia e o nosso agrupamento estar\u00e1 representado pelos professores S\u00e9rgio Rocha e Lu\u00eds Lu\u00eds e pela psic\u00f3loga Ana Serrano.<br>Pode consultar a p\u00e1gina do projeto aqui:  <a href=\"https:\/\/erasmusprojectnature.wordpress.com\/\"><strong>https:\/\/erasmusprojectnature.wordpress.com\/<\/strong><\/a><br>A calendariza\u00e7\u00e3o prevista das mobilidades \u00e9 a seguinte:<br><strong>Rom\u00e9nia (Ploiesti)<\/strong> \u2013 Setembro de 2021<br><strong>Eslov\u00e9nia (Celje)<\/strong> \u2013 Novembro de 2021<br><strong>Portugal (Beja)<\/strong> \u2013 Mar\u00e7o de 2022 (consulte o cartaz <strong><a rel=\"noreferrer noopener\" aria-label=\"aqui (opens in a new tab)\" href=\"http:\/\/www.agr1beja.pt\/wp-content\/uploads\/cartaz_survive.pdf\" target=\"_blank\">aqui<\/a><\/strong> e o programa <strong><a rel=\"noreferrer noopener\" aria-label=\"aqui (opens in a new tab)\" href=\"http:\/\/www.agr1beja.pt\/wp-content\/uploads\/survive_programme.pdf\" target=\"_blank\">aqui<\/a><\/strong>)<br><strong>Litu\u00e2nia (Kartena)<\/strong> \u2013 Junho de 2022<\/p>\n\n\n\n<p class=\"justify-text\" style=\"font-size:19px\"><img loading=\"lazy\" decoding=\"async\" width=\"16\" height=\"27\" class=\"wp-image-2245\" style=\"width: 16px;\" src=\"http:\/\/www.agr1beja.pt\/wp-content\/uploads\/pin.png\" alt=\"\"> <strong>Projeto Erasmus+ C.L.I.L. (Content and Language Integrated Learning) (2019-2020)<\/strong><br>O Agrupamento de Escolas n\u00ba1 de Beja, em parceria com o Agrupamento de Escolas de Cuba, o Agrupamento de Escolas de Vidigueira e a C\u00e2mara Municipal de Vidigueira viram aprovada a sua candidatura conjunta ao projeto Erasmus+ \u201c<a rel=\"noreferrer noopener\" aria-label=\"Vidigueira CLIL On It (opens in a new tab)\" href=\"https:\/\/sites.google.com\/view\/vidigueiraclilonit\/home\" target=\"_blank\">Vidigueira CLIL On It<\/a>\u201d. Neste \u00e2mbito, foi realizada no dia 22 de Maio de 2019, a primeira reuni\u00e3o com os docentes selecionados de entre os 22 candidatos das tr\u00eas escolas do nosso agrupamento. Cinco destes docentes realizaram uma forma\u00e7\u00e3o em Malta no m\u00eas de Outubro de 2019 e outros cinco realizar\u00e3o outra forma\u00e7\u00e3o em Praga no pr\u00f3ximo ano letivo, em data a designar. O objetivo destas forma\u00e7\u00f5es \u00e9 a integra\u00e7\u00e3o da l\u00edngua inglesa na pr\u00e1tica letiva dos v\u00e1rios ciclos de ensino e nas v\u00e1rias disciplinas. <br>Participaram os seguintes professores:<br><strong>Forma\u00e7\u00e3o CLIL em Malta<\/strong>: F\u00e1tima Carapinha (Pr\u00e9-escolar), S\u00e9rgio Rocha (Matem\u00e1tica 3.\u00ba ciclo), Concei\u00e7\u00e3o Casanova (Ingl\u00eas 3.\u00ba ciclo), Telma Rosa (1.\u00ba ciclo\/Educa\u00e7\u00e3o Especial) e Margarida Canha (Pr\u00e9-escolar\/Educa\u00e7\u00e3o Especial).<br><strong>Forma\u00e7\u00e3o CLIL em Praga<\/strong>: Lu\u00eds Carvoeiras (Matem\u00e1tica &#8211; 3.\u00ba ciclo), Helena Vaz (Ingl\u00eas &#8211; 3.\u00ba ciclo), Jorge Palma (Ed. F\u00edsica &#8211; 2.\u00ba ciclo), Ana Lu\u00eds Crespo (Ci\u00eancias \u2013 Secund\u00e1rio) e Luz Estevens (prof. Bibliotec\u00e1ria). <\/p>\n\n\n\n<p class=\"justify-text\" style=\"font-size:19px\"><img loading=\"lazy\" decoding=\"async\" width=\"16\" height=\"27\" class=\"wp-image-2245\" style=\"width: 16px;\" src=\"http:\/\/www.agr1beja.pt\/wp-content\/uploads\/pin.png\" alt=\"\"> <strong>Entrepreneurial Skills in Schools Education: Nurturing Citizenship and Entrepreneurship &#8211; 2018\/2021<\/strong><br>O projeto Erasmus+ \u201cE.S.S.E:N.C.E.- Entrepreneurial Skills in Schools Education: Nurturing Citizenship and Entrepreneurship\u201d  teve inicio em Setembro de 2018 ano e terminou em Agosto de 2021. Este projeto pretendeu desenvolver compet\u00eancias de empreendedorismo nos jovens. Para al\u00e9m do nosso Agrupamento, neste projeto europeu participam ainda escolas de outros tr\u00eas pa\u00edses \u2013 It\u00e1lia, Turquia e Pol\u00f3nia \u2013 duas universidades \u2013 Universidad de Murcia (Espanha) e Lapeenrannan Teknillien Yliopisto (Finl\u00e2ndia), uma organiza\u00e7\u00e3o com experi\u00eancia a n\u00edvel da educa\u00e7\u00e3o para o empreendedorismo, Framtidsfr\u00f6n ideell f\u00f6rening (Su\u00e9cia) e um Centro de Treino de Compet\u00eancias, Consorzio Ro.Ma (It\u00e1lia). Os resultados foram apresentados no encontro final do projeto, organizado pelo nosso Agrupamento de Escolas em junho de 2021 e o Evento Multiplicador foi realizado no m\u00eas seguinte, onde participaram v\u00e1rios docentes dos ensinos b\u00e1sico, secund\u00e1rio e superior e outros t\u00e9cnicos do setor da educa\u00e7\u00e3o. Nessa altura foi igualmente apresentada a aplica\u00e7\u00e3o inform\u00e1tica resultante do trabalho realizado.<br>Apesar do projeto ter terminado, mantemos a nossa disponibilidade para esclarecer qualquer d\u00favida que surja no caso de quererem utilizar a aplica\u00e7\u00e3o que, como referimos, se encontra no dom\u00ednio p\u00fablico <strong><a rel=\"noreferrer noopener\" aria-label=\"aqui (opens in a new tab)\" href=\"https:\/\/www.um.es\/essenceeu\/?page_id=3531\" target=\"_blank\">aqui<\/a><\/strong>.<br>A p\u00e1gina oficial do projeto pode ser consultada <strong><a rel=\"noreferrer noopener\" aria-label=\"aqui (opens in a new tab)\" href=\"https:\/\/essenceproject.eu\/\" target=\"_blank\">aqui<\/a><\/strong>.<\/p>\n\n\n\n<p style=\"font-size:19px\"><img loading=\"lazy\" decoding=\"async\" width=\"16\" height=\"27\" class=\"wp-image-2245\" style=\"width: 16px;\" src=\"http:\/\/www.agr1beja.pt\/wp-content\/uploads\/pin.png\" alt=\"\"> <strong><a rel=\"noreferrer noopener\" aria-label=\"No Early School Leaving by Sports, Musical, Theatrical, Artistic Activities - 2016\/2018 (opens in a new tab)\" href=\"http:\/\/noearlyschoolleaving.szily.hu\/\" target=\"_blank\">No Early School Leaving by Sports, Musical, Theatrical, Artistic Activities &#8211; 2016\/2018<\/a><\/strong><br><img loading=\"lazy\" decoding=\"async\" width=\"16\" height=\"27\" class=\"wp-image-2245\" style=\"width: 16px;\" src=\"http:\/\/www.agr1beja.pt\/wp-content\/uploads\/pin.png\" alt=\"\"> <strong><a rel=\"noreferrer noopener\" aria-label=\"Combating and Preventing Bullying in Schools of Europe - 2015\/2017 (opens in a new tab)\" href=\"http:\/\/erasmusplusbullying.blogspot.com\/\" target=\"_blank\">Combating and Preventing Bullying in Schools of Europe &#8211; 2015\/2017<\/a><\/strong><br><img loading=\"lazy\" decoding=\"async\" width=\"16\" height=\"27\" class=\"wp-image-2245\" style=\"width: 16px;\" src=\"http:\/\/www.agr1beja.pt\/wp-content\/uploads\/pin.png\" alt=\"\"> <strong><a rel=\"noreferrer noopener\" aria-label=\"School on the Cloud - 2014\/2016 (opens in a new tab)\" href=\"https:\/\/www.schoolonthecloud.net\/network\" target=\"_blank\">School on the Cloud &#8211; 2014\/2016<\/a><\/strong><br><img loading=\"lazy\" decoding=\"async\" width=\"16\" height=\"27\" class=\"wp-image-2245\" style=\"width: 16px;\" src=\"http:\/\/www.agr1beja.pt\/wp-content\/uploads\/pin.png\" alt=\"\"> <strong><a rel=\"noreferrer noopener\" aria-label=\"Digital Earth (network Comenius, 2011-2013) (opens in a new tab)\" href=\"http:\/\/www.digital-earth-edu.net\/\" target=\"_blank\">Digital Earth (network Comenius, 2011-2013)<\/a><\/strong><\/p>\n\n\n\n<p style=\"font-size:12px\"><em>\u00daltima atualiza\u00e7\u00e3o desta p\u00e1gina: 13\/10\/2023<\/em><\/p>\n","protected":false},"excerpt":{"rendered":"<p>Projeto Erasmus+ \u201cHealthy Life \u2013 Healthy Kids \u2013 Healthy Future\u201d (2019-1-BG01-KA229-062232_4)Neste projeto, o nosso Agrupamento de Escolas est\u00e1 a trabalhar com parceiros da Bulg\u00e1ria, da Rom\u00e9nia e da Rep\u00fablica da Maced\u00f3nia do Norte. J\u00e1 foi realizada a mobilidade inicial a <a href=\"https:\/\/www.agr1beja.pt\/?page_id=2233\" class=\"read-more\">Ler mais &#8230;<\/a><\/p>\n","protected":false},"author":1,"featured_media":0,"parent":0,"menu_order":0,"comment_status":"closed","ping_status":"closed","template":"","meta":{"cybocfi_hide_featured_image":"","footnotes":""},"_links":{"self":[{"href":"https:\/\/www.agr1beja.pt\/index.php?rest_route=\/wp\/v2\/pages\/2233"}],"collection":[{"href":"https:\/\/www.agr1beja.pt\/index.php?rest_route=\/wp\/v2\/pages"}],"about":[{"href":"https:\/\/www.agr1beja.pt\/index.php?rest_route=\/wp\/v2\/types\/page"}],"author":[{"embeddable":true,"href":"https:\/\/www.agr1beja.pt\/index.php?rest_route=\/wp\/v2\/users\/1"}],"replies":[{"embeddable":true,"href":"https:\/\/www.agr1beja.pt\/index.php?rest_route=%2Fwp%2Fv2%2Fcomments&post=2233"}],"version-history":[{"count":15,"href":"https:\/\/www.agr1beja.pt\/index.php?rest_route=\/wp\/v2\/pages\/2233\/revisions"}],"predecessor-version":[{"id":6485,"href":"https:\/\/www.agr1beja.pt\/index.php?rest_route=\/wp\/v2\/pages\/2233\/revisions\/6485"}],"wp:attachment":[{"href":"https:\/\/www.agr1beja.pt\/index.php?rest_route=%2Fwp%2Fv2%2Fmedia&parent=2233"}],"curies":[{"name":"wp","href":"https:\/\/api.w.org\/{rel}","templated":true}]}}