{"id":212,"date":"2019-09-08T11:24:12","date_gmt":"2019-09-08T11:24:12","guid":{"rendered":"http:\/\/agr1beja.online\/?page_id=212"},"modified":"2020-10-02T12:51:54","modified_gmt":"2020-10-02T12:51:54","slug":"jardins-de-infancia","status":"publish","type":"page","link":"https:\/\/www.agr1beja.pt\/?page_id=212","title":{"rendered":"Jardins de Inf\u00e2ncia"},"content":{"rendered":"\n<div class=\"wp-block-image\"><figure class=\"aligncenter is-resized\"><img loading=\"lazy\" decoding=\"async\" src=\"http:\/\/www.agr1beja.pt\/wp-content\/uploads\/infantario.jpg\" alt=\"\" class=\"wp-image-2125\" width=\"242\" height=\"203\" srcset=\"https:\/\/www.agr1beja.pt\/wp-content\/uploads\/infantario.jpg 400w, https:\/\/www.agr1beja.pt\/wp-content\/uploads\/infantario-320x270.jpg 320w\" sizes=\"(max-width: 242px) 100vw, 242px\" \/><\/figure><\/div>\n\n\n\n<p style=\"font-size:19px\"><strong>Jardim de Inf\u00e2ncia do Centro Educativo de Santiago Maior, Beja<br>Jardim de Inf\u00e2ncia do Centro Educativo de Santa Maria, Beja<br>Jardim de Inf\u00e2ncia de Baleiz\u00e3o<br>Jardim de Inf\u00e2ncia de Beringel<br>Jardim de Inf\u00e2ncia de Nossa Senhora das Neves<br>Jardim de Inf\u00e2ncia de Penedo Gordo<br>Jardim de Inf\u00e2ncia de S\u00e3o Matias<br>Jardim de Inf\u00e2ncia de Santa Vit\u00f3ria<br>Jardim de Inf\u00e2ncia de Trigaches<\/strong><\/p>\n","protected":false},"excerpt":{"rendered":"<p>Jardim de Inf\u00e2ncia do Centro Educativo de Santiago Maior, BejaJardim de Inf\u00e2ncia do Centro Educativo de Santa Maria, BejaJardim de Inf\u00e2ncia de Baleiz\u00e3oJardim de Inf\u00e2ncia de BeringelJardim de Inf\u00e2ncia de Nossa Senhora das NevesJardim de Inf\u00e2ncia de Penedo GordoJardim de <a href=\"https:\/\/www.agr1beja.pt\/?page_id=212\" class=\"read-more\">Ler mais &#8230;<\/a><\/p>\n","protected":false},"author":1,"featured_media":0,"parent":0,"menu_order":0,"comment_status":"closed","ping_status":"closed","template":"","meta":{"cybocfi_hide_featured_image":"","footnotes":""},"_links":{"self":[{"href":"https:\/\/www.agr1beja.pt\/index.php?rest_route=\/wp\/v2\/pages\/212"}],"collection":[{"href":"https:\/\/www.agr1beja.pt\/index.php?rest_route=\/wp\/v2\/pages"}],"about":[{"href":"https:\/\/www.agr1beja.pt\/index.php?rest_route=\/wp\/v2\/types\/page"}],"author":[{"embeddable":true,"href":"https:\/\/www.agr1beja.pt\/index.php?rest_route=\/wp\/v2\/users\/1"}],"replies":[{"embeddable":true,"href":"https:\/\/www.agr1beja.pt\/index.php?rest_route=%2Fwp%2Fv2%2Fcomments&post=212"}],"version-history":[{"count":6,"href":"https:\/\/www.agr1beja.pt\/index.php?rest_route=\/wp\/v2\/pages\/212\/revisions"}],"predecessor-version":[{"id":2128,"href":"https:\/\/www.agr1beja.pt\/index.php?rest_route=\/wp\/v2\/pages\/212\/revisions\/2128"}],"wp:attachment":[{"href":"https:\/\/www.agr1beja.pt\/index.php?rest_route=%2Fwp%2Fv2%2Fmedia&parent=212"}],"curies":[{"name":"wp","href":"https:\/\/api.w.org\/{rel}","templated":true}]}}