{"id":149,"date":"2019-09-07T20:35:51","date_gmt":"2019-09-07T20:35:51","guid":{"rendered":"http:\/\/agr1beja.online\/?page_id=149"},"modified":"2024-10-30T11:36:50","modified_gmt":"2024-10-30T11:36:50","slug":"horarios-dos-servicos-2","status":"publish","type":"page","link":"https:\/\/www.agr1beja.pt\/?page_id=149","title":{"rendered":"Hor\u00e1rios dos Servi\u00e7os"},"content":{"rendered":"<div class=\"wp-block-image\">\n<figure class=\"aligncenter is-resized\"><img loading=\"lazy\" decoding=\"async\" width=\"400\" height=\"400\" src=\"http:\/\/www.agr1beja.pt\/wp-content\/uploads\/clock.png\" alt=\"\" class=\"wp-image-750\" style=\"width:94px;height:94px\" srcset=\"https:\/\/www.agr1beja.pt\/wp-content\/uploads\/clock.png 400w, https:\/\/www.agr1beja.pt\/wp-content\/uploads\/clock-150x150.png 150w, https:\/\/www.agr1beja.pt\/wp-content\/uploads\/clock-300x300.png 300w, https:\/\/www.agr1beja.pt\/wp-content\/uploads\/clock-270x270.png 270w\" sizes=\"(max-width: 400px) 100vw, 400px\" \/><\/figure><\/div>\n\n\n<p style=\"font-size:18px\">Consulte aqui os hor\u00e1rios dos v\u00e1rios servi\u00e7os que o Agrupamento de Escolas n.\u00ba1 de Beja coloca \u00e0 sua disposi\u00e7\u00e3o. Para a consulta de outros hor\u00e1rios de servi\u00e7os n\u00e3o listados, por favor, contactar os Servi\u00e7os de Secretaria da respetiva escola.<\/p>\n\n\n\n<p class=\"titulo_bk_color has-medium-font-size\"><strong><mark>ESCOLA SECUND\u00c1RIA DIOGO DE GOUVEIA<\/mark><\/strong><br>Rua Lu\u00eds de Cam\u00f5es, Beja<\/p>\n\n\n\n<p style=\"font-size:17px\"><strong>Secretaria<\/strong> &#8211; Manh\u00e3 09:30 h \u2013 12:30 h | Tarde 14:00 h &#8211; 16:30 h<br><strong>Reprografia<\/strong> &#8211; Manh\u00e3 08:00 h \u2013 12:00 h  |  Tarde 14:00 h \u2013 16:15 h<br><strong>Papelaria<\/strong> &#8211; Manh\u00e3 09:00 h \u2013 13:00 h  |  Tarde 14:00 h \u2013 17:00 h<br><strong>Bar<\/strong> &#8211; Manh\u00e3 09:00 h \u2013 12:30 h  |  Tarde 14:00 h \u2013 16:30 h<br><strong>Refeit\u00f3rio<\/strong> &#8211; 12:30 h \u2013 14:00 h<br><strong>Biblioteca<\/strong> &#8211; Manh\u00e3 09:00 h \u2013 12:30 h  | Tarde 14:00 h \u2013 16:30 h (encerra 6.\u00aa feira de tarde)<br><strong>Outros Servi\u00e7os<\/strong> &#8211; Solicitar informa\u00e7\u00e3o<\/p>\n\n\n\n<p class=\"has-medium-font-size\"><strong><mark>ESCOLA B\u00c1SICA DE SANTA MARIA<\/mark><\/strong><br>Rua de Fernando Pessoa, Beja<\/p>\n\n\n\n<p style=\"font-size:17px\"><strong>Secretaria<\/strong> &#8211; Manh\u00e3 09:30 h &#8211; 12:30 h | Tarde 14:30 h &#8211; 16:30 h<br><strong>Reprografia<\/strong> &#8211; Manh\u00e3 08:00 h &#8211; 13:30 h | Tarde 15:30 h &#8211; 17:00 h<br><strong>Papelaria<\/strong> &#8211; Manh\u00e3 11:00 h \u2013 12:30 h  |  Tarde Encerrada<br><strong>Bar<\/strong> &#8211; Manh\u00e3 09:00 h \u2013 12:30 h  |  Tarde 14:00 h \u2013 16:30 h<br><strong>Refeit\u00f3rio<\/strong> &#8211; 12:00 h \u2013 14:00 h<br><strong>Biblioteca<\/strong> &#8211; Manh\u00e3 08:15 h \u2013 13:15 h  | Tarde 14:00 h \u2013 17:00 h<br><strong>Outros Servi\u00e7os<\/strong> &#8211; Solicitar informa\u00e7\u00e3o<\/p>\n\n\n\n<p class=\"has-medium-font-size\"><strong><mark>ESCOLA B\u00c1SICA DE SANTIAGO MAIOR<\/mark><\/strong><br>Avenida Comandante Ramiro Correia, Beja<\/p>\n\n\n\n<p style=\"font-size:17px\"><strong>Secretaria<\/strong> &#8211; 09:30 h \u2013 16:30 h<br><strong>Papelaria<\/strong> &#8211; Manh\u00e3 08:00 h \u2013 12:00 h  |  Tarde 14:00 h \u2013 16:00 h<br><strong>Biblioteca<\/strong> &#8211; Manh\u00e3 08:15 h \u2013 13:10 h  |  Tarde 14:15 h \u2013 16:15 h<br><strong>Outros Servi\u00e7os<\/strong> &#8211; Solicitar informa\u00e7\u00e3o<\/p>\n\n\n\n<p style=\"font-size:10px\"> \u00daltima atualiza\u00e7\u00e3o desta p\u00e1gina: 30\/10\/2024<\/p>\n","protected":false},"excerpt":{"rendered":"<p>Consulte aqui os hor\u00e1rios dos v\u00e1rios servi\u00e7os que o Agrupamento de Escolas n.\u00ba1 de Beja coloca \u00e0 sua disposi\u00e7\u00e3o. Para a consulta de outros hor\u00e1rios de servi\u00e7os n\u00e3o listados, por favor, contactar os Servi\u00e7os de Secretaria da respetiva escola. ESCOLA <a href=\"https:\/\/www.agr1beja.pt\/?page_id=149\" class=\"read-more\">Ler mais &#8230;<\/a><\/p>\n","protected":false},"author":1,"featured_media":0,"parent":0,"menu_order":0,"comment_status":"closed","ping_status":"closed","template":"","meta":{"cybocfi_hide_featured_image":"","footnotes":""},"_links":{"self":[{"href":"https:\/\/www.agr1beja.pt\/index.php?rest_route=\/wp\/v2\/pages\/149"}],"collection":[{"href":"https:\/\/www.agr1beja.pt\/index.php?rest_route=\/wp\/v2\/pages"}],"about":[{"href":"https:\/\/www.agr1beja.pt\/index.php?rest_route=\/wp\/v2\/types\/page"}],"author":[{"embeddable":true,"href":"https:\/\/www.agr1beja.pt\/index.php?rest_route=\/wp\/v2\/users\/1"}],"replies":[{"embeddable":true,"href":"https:\/\/www.agr1beja.pt\/index.php?rest_route=%2Fwp%2Fv2%2Fcomments&post=149"}],"version-history":[{"count":31,"href":"https:\/\/www.agr1beja.pt\/index.php?rest_route=\/wp\/v2\/pages\/149\/revisions"}],"predecessor-version":[{"id":8494,"href":"https:\/\/www.agr1beja.pt\/index.php?rest_route=\/wp\/v2\/pages\/149\/revisions\/8494"}],"wp:attachment":[{"href":"https:\/\/www.agr1beja.pt\/index.php?rest_route=%2Fwp%2Fv2%2Fmedia&parent=149"}],"curies":[{"name":"wp","href":"https:\/\/api.w.org\/{rel}","templated":true}]}}