{"id":9574,"date":"2025-06-15T11:02:32","date_gmt":"2025-06-15T11:02:32","guid":{"rendered":"https:\/\/www.agr1beja.pt\/?page_id=9574"},"modified":"2025-06-15T11:46:11","modified_gmt":"2025-06-15T11:46:11","slug":"add-2025","status":"publish","type":"page","link":"http:\/\/www.agr1beja.pt\/?page_id=9574","title":{"rendered":"ADD &#8211; 2025"},"content":{"rendered":"\n<p class=\"post-blue\" style=\"font-size:24px\"><strong>AVALIA\u00c7\u00c3O DO DESEMPENHO DOCENTE<\/strong><br>Ano Letivo 2024\/2025<\/p>\n\n\n\n<p style=\"font-size:23px\"><img loading=\"lazy\" decoding=\"async\" width=\"16\" height=\"27\" class=\"wp-image-2261\" style=\"width: 16px;\" src=\"http:\/\/www.agr1beja.pt\/wp-content\/uploads\/pin_orange.png\" alt=\"\"><strong> Fichas de Avalia\u00e7\u00e3o Global<\/strong><\/p>\n\n\n\n<p style=\"font-size:20px\"><a href=\"https:\/\/agr1beja.pt\/add_24_25\/AVAL_GLOBAL_ART_27_REGIME_ESP_24_25.pdf\">DOCENTES INTEGRADOS NA CARREIRA: PR\u00c9-ESCOLAR, 1.\u00ba, 2.\u00ba E 3.\u00ba CICLOS DO ENSINO<br>B\u00c1SICO E ENSINO SECUND\u00c1RIO (Art.\u00ba 27.\u00ba Regime especial)<\/a><br><a href=\"https:\/\/agr1beja.pt\/add_24_25\/AVAL_GLOBAL_DOC_INT_CARR_24_25.pdf\">DOCENTES INTEGRADOS NA CARREIRA: 1.\u00ba, 2.\u00ba E 3.\u00ba CICLOS DO ENSINO<br>B\u00c1SICO E ENSINO SECUND\u00c1RIO (Sem observa\u00e7\u00e3o de aulas)<\/a><br><a href=\"https:\/\/agr1beja.pt\/add_24_25\/AVAL_GLOBAL_DOC_INT_CARR_AULAS_OBSERV_24_25_NOVO.pdf\">DOCENTES INTEGRADOS NA CARREIRA: 1.\u00ba, 2.\u00ba E 3.\u00ba CICLOS DO ENSINO<br>B\u00c1SICO E ENSINO SECUND\u00c1RIO (Com observa\u00e7\u00e3o de aulas)<\/a><br><a href=\"https:\/\/agr1beja.pt\/add_24_25\/AVAL_GLOBAL_DOC_PROBAT%c3%93RIO_24_25_NOVO.pdf\">DOCENTES EM PER\u00cdODO PROBAT\u00d3RIO: 1.\u00ba, 2.\u00ba E 3.\u00ba CICLOS DO ENSINO<br>B\u00c1SICO E ENSINO SECUND\u00c1RIO (Com observa\u00e7\u00e3o de aulas)<\/a><br><a href=\"https:\/\/agr1beja.pt\/add_24_25\/AVAL_GLOBAL_DOC_REG_CONTRATO_24_25.pdf\">DOCENTES EM REGIME DE CONTRATO: 1.\u00ba, 2.\u00ba E 3.\u00ba CICLOS DO ENSINO B\u00c1SICO E<br>ENSINO SECUND\u00c1RIO<\/a><br><a href=\"https:\/\/agr1beja.pt\/add_24_25\/AVAL_GLOBAL_PR%c3%89_ESC_ART_27_REGIME_ESP_24_25.pdf\">DOCENTES INTEGRADOS NA CARREIRA: PR\u00c9-ESCOLAR, 1.\u00ba, 2.\u00ba E 3.\u00ba CICLOS DO ENSINO<br>B\u00c1SICO E ENSINO SECUND\u00c1RIO (Art.\u00ba 27.\u00ba Regime especial)<\/a><br><a href=\"https:\/\/agr1beja.pt\/add_24_25\/AVAL_GLOBAL_PR%c3%89_ESC_DOC_CONTRATADOS_24_25.pdf\">DOCENTES EM REGIME DE CONTRATO: PR\u00c9-ESCOLAR<\/a><br><a href=\"https:\/\/agr1beja.pt\/add_24_25\/AVAL_GLOBAL_PR%c3%89_ESC_DOC_INT_CARR_24_25.pdf\">DOCENTES INTEGRADOS NA CARREIRA: PR\u00c9-ESCOLAR (Sem observa\u00e7\u00e3o de aulas)<\/a><br><a href=\"https:\/\/agr1beja.pt\/add_24_25\/AVAL_GLOBAL_PR%c3%89_ESC_DOC_INT_CARR_AULAS_OBSERV_24_25_NOVO.pdf\">DOCENTES INTEGRADOS NA CARREIRA: PR\u00c9-ESCOLAR (Com observa\u00e7\u00e3o de aulas)<\/a><br><a href=\"https:\/\/agr1beja.pt\/add_24_25\/AVAL_GLOBAL_PR%c3%89_ESC_DOC_PROBAT%c3%93RIO_24_25_NOVO.pdf\">DOCENTES EM PER\u00cdODO PROBAT\u00d3RIO: PR\u00c9-ESCOLAR (Com observa\u00e7\u00e3o de aulas)<br><\/a><\/p>\n\n\n\n<p style=\"font-size:23px\"><img loading=\"lazy\" decoding=\"async\" width=\"16\" height=\"27\" class=\"wp-image-2261\" style=\"width: 16px;\" src=\"http:\/\/www.agr1beja.pt\/wp-content\/uploads\/pin_orange.png\" alt=\"\"> <strong>Calendariza\u00e7\u00e3o dos Processos de Avalia\u00e7\u00e3o<\/strong><\/p>\n\n\n\n<p style=\"font-size:21px\"><a href=\"https:\/\/agr1beja.pt\/add_24_25\/CALENDARIZA%c3%87%c3%83O_AVAL_DESEMP_DOCENTE_24_25.pdf\">Regimes Especiais de Avalia\u00e7\u00e3o de Desempenho &#8211; artigo 27.\u00ba, n.\u00ba 5 e 6, do Decreto Regulamentar n.\u00ba 26\/2012, de 21 de fevereiro: Pr\u00e9-Escolar, 1.\u00ba, 2.\u00ba e 3.\u00ba Ciclos do Ensino B\u00e1sico e Ensino Secund\u00e1rio &#8211; (Docentes posicionados no 8.\u00ba, 9.\u00ba e 10.\u00ba escal\u00f5es\/ Subdiretor \/Adjuntos\/Assessores de Dire\u00e7\u00e3o \/Coordenadores de departamento curricular \/estabelecimento\/Avaliadores internos).<\/a><br><br><a href=\"https:\/\/agr1beja.pt\/add_24_25\/CALENDARIZA%c3%87%c3%83O_AVAL_DESEMP_DOC_ART_27_24_25.pdf\">Docentes integrados na carreira, docentes em per\u00edodo probat\u00f3rio, docentes em regime de contrato a termo da Educa\u00e7\u00e3o Pr\u00e9-Escolar, Ensino B\u00e1sico e Ensino Secund\u00e1rio.<\/a><br><br><a href=\"https:\/\/agr1beja.pt\/add_24_25\/CALENDARIZA%c3%87%c3%83O_PONDERA%c3%87%c3%83O_CURRRICULAR_24_25.pdf\">Docentes integrados na carreira: Educa\u00e7\u00e3o Pr\u00e9-Escolar, Ensino B\u00e1sico e Ensino Secund\u00e1rio.<\/a><\/p>\n\n\n\n<p style=\"font-size:23px\"><img loading=\"lazy\" decoding=\"async\" width=\"16\" height=\"27\" class=\"wp-image-2261\" style=\"width: 16px;\" src=\"http:\/\/www.agr1beja.pt\/wp-content\/uploads\/pin_orange.png\" alt=\"\"> <strong>Orienta\u00e7\u00e3o da SADD<\/strong><\/p>\n\n\n\n<p style=\"font-size:21px\"><a href=\"https:\/\/agr1beja.pt\/add_24_25\/ORIENTA%c3%87%c3%95ES_INFORMA%c3%87%c3%95ES_SADD_24_25.pdf\">Recomenda\u00e7\u00f5es\/orienta\u00e7\u00f5es\/delibera\u00e7\u00f5es &#8211; Aprovadas na reuni\u00e3o de Conselho Pedag\u00f3gico de outubro de 2024.<\/a><\/p>\n\n\n\n<p style=\"font-size:23px\"><img loading=\"lazy\" decoding=\"async\" width=\"16\" height=\"27\" class=\"wp-image-2261\" style=\"width: 16px;\" src=\"http:\/\/www.agr1beja.pt\/wp-content\/uploads\/pin_orange.png\" alt=\"\"> <strong>Projeto Docente<\/strong><\/p>\n\n\n\n<p style=\"font-size:21px\"><a href=\"https:\/\/agr1beja.pt\/add_24_25\/PROJETO_DOCENTE_2024_25.pdf\">Documento do Projeto Docente (2024\/2025)<\/a><\/p>\n\n\n\n<p style=\"font-size:23px\"><img loading=\"lazy\" decoding=\"async\" width=\"16\" height=\"27\" class=\"wp-image-2261\" style=\"width: 16px;\" src=\"http:\/\/www.agr1beja.pt\/wp-content\/uploads\/pin_orange.png\" alt=\"\"> <strong>Relat\u00f3rios de Autoavalia\u00e7\u00e3o Docente<\/strong><\/p>\n\n\n\n<p style=\"font-size:21px\"><a href=\"https:\/\/agr1beja.pt\/add_24_25\/RELAT_AUTOAVAL_DOC_ART_27_REG_ESPECIAL_2024_25.pdf\">RELAT\u00d3RIO DE AUTOAVALIA\u00c7\u00c3O DOCENTES INTEGRADOS NA CARREIRA &#8211; Regimes Especiais de Avalia\u00e7\u00e3o de Desempenho &#8211; artigo 27.\u00ba, n.\u00ba 5 e 6, do Decreto Regulamentar n.\u00ba 26\/2012, de 21 de fevereiro.<\/a><br><a href=\"https:\/\/agr1beja.pt\/add_24_25\/RELAT_AUTOAVAL_DOC_INT_CARREIRA_2024_25.pdf\">RELAT\u00d3RIO DE AUTOAVALIA\u00c7\u00c3O &#8211; DOCENTES INTEGRADOS NA CARREIRA<\/a><br><a href=\"https:\/\/agr1beja.pt\/add_24_25\/RELAT_AUTOAVAL_DOC_INT_PER%c3%8dODO_PROBAT%c3%93RIO_2024_25.pdf\">RELAT\u00d3RIO DE AUTOAVALIA\u00c7\u00c3O &#8211; DOCENTES EM PER\u00cdODO PROBAT\u00d3RIO<\/a><br><a href=\"https:\/\/agr1beja.pt\/add_24_25\/RELAT_AUTOAVAL_DOC_REG_CONTRATO_2024_25.pdf\">RELAT\u00d3RIO DE AUTOAVALIA\u00c7\u00c3O &#8211; DOCENTES EM REGIME DE CONTRATO<\/a><\/p>\n\n\n\n<p style=\"font-size:16px\">Esta p\u00e1gina foi atualizada em 15\/06\/2025<\/p>\n","protected":false},"excerpt":{"rendered":"<p>AVALIA\u00c7\u00c3O DO DESEMPENHO DOCENTEAno Letivo 2024\/2025 Fichas de Avalia\u00e7\u00e3o Global DOCENTES INTEGRADOS NA CARREIRA: PR\u00c9-ESCOLAR, 1.\u00ba, 2.\u00ba E 3.\u00ba CICLOS DO ENSINOB\u00c1SICO E ENSINO SECUND\u00c1RIO (Art.\u00ba 27.\u00ba Regime especial)DOCENTES INTEGRADOS NA CARREIRA: 1.\u00ba, 2.\u00ba E 3.\u00ba CICLOS DO ENSINOB\u00c1SICO E <a href=\"http:\/\/www.agr1beja.pt\/?page_id=9574\" class=\"read-more\">Ler mais &#8230;<\/a><\/p>\n","protected":false},"author":1,"featured_media":0,"parent":0,"menu_order":0,"comment_status":"closed","ping_status":"closed","template":"","meta":{"cybocfi_hide_featured_image":"","footnotes":""},"_links":{"self":[{"href":"http:\/\/www.agr1beja.pt\/index.php?rest_route=\/wp\/v2\/pages\/9574"}],"collection":[{"href":"http:\/\/www.agr1beja.pt\/index.php?rest_route=\/wp\/v2\/pages"}],"about":[{"href":"http:\/\/www.agr1beja.pt\/index.php?rest_route=\/wp\/v2\/types\/page"}],"author":[{"embeddable":true,"href":"http:\/\/www.agr1beja.pt\/index.php?rest_route=\/wp\/v2\/users\/1"}],"replies":[{"embeddable":true,"href":"http:\/\/www.agr1beja.pt\/index.php?rest_route=%2Fwp%2Fv2%2Fcomments&post=9574"}],"version-history":[{"count":35,"href":"http:\/\/www.agr1beja.pt\/index.php?rest_route=\/wp\/v2\/pages\/9574\/revisions"}],"predecessor-version":[{"id":9624,"href":"http:\/\/www.agr1beja.pt\/index.php?rest_route=\/wp\/v2\/pages\/9574\/revisions\/9624"}],"wp:attachment":[{"href":"http:\/\/www.agr1beja.pt\/index.php?rest_route=%2Fwp%2Fv2%2Fmedia&parent=9574"}],"curies":[{"name":"wp","href":"https:\/\/api.w.org\/{rel}","templated":true}]}}