{"id":676,"date":"2021-06-19T23:42:20","date_gmt":"2021-06-19T23:42:20","guid":{"rendered":"https:\/\/wp-anpri.pt\/esdg\/?page_id=676"},"modified":"2024-08-30T07:31:48","modified_gmt":"2024-08-30T07:31:48","slug":"desporto-2","status":"publish","type":"page","link":"http:\/\/www.agr1beja.pt\/?page_id=676","title":{"rendered":"T\u00e9cnico de Desporto"},"content":{"rendered":"\n<p class=\"has-drop-cap justify-text\" style=\"font-size:21px\">Visa a forma\u00e7\u00e3o de profissionais aptos  a participar no planeamento, na organiza\u00e7\u00e3o e no desenvolvimento do treino de modalidades desportivas, individuais ou coletivas, bem como organizar e dinamizar atividades f\u00edsicas e desportivas em contexto de ocupa\u00e7\u00e3o de tempos livres, anima\u00e7\u00e3o e lazer. <\/p>\n\n\n\n<p class=\"has-vivid-cyan-blue-color has-text-color has-link-color wp-elements-37ad76858137e1eba28973ff5bcc1d87\" style=\"font-size:21px\"><strong>Ficas habilitado(a) a:<\/strong><\/p>\n\n\n\n<ul>\n<li style=\"font-size:21px\">Elaborar o plano anual de prepara\u00e7\u00e3o em colabora\u00e7\u00e3o com os t\u00e9cnicos de grau superior respons\u00e1veis pela modalidade desportiva;<\/li>\n\n\n\n<li style=\"font-size:21px\">Coadjuvar na prepara\u00e7\u00e3o e organiza\u00e7\u00e3o das sess\u00f5es de treino e aconselhamento aos praticantes na ado\u00e7\u00e3o de h\u00e1bitos saud\u00e1veis e de cuidados de higiene na sua vida quotidiana;<\/li>\n\n\n\n<li style=\"font-size:21px\">Organizar a participa\u00e7\u00e3o e orientar, com supervis\u00e3o de um t\u00e9cnico de grau superior, as sess\u00f5es de treino com vista ao aperfei\u00e7oamento dos praticantes na modalidade desportiva;<\/li>\n\n\n\n<li style=\"font-size:21px\">Participar, sob supervis\u00e3o de um t\u00e9cnico de grau superior, no planeamento e coadjuvar na implementa\u00e7\u00e3o de atividades, individuais ou de grupo, de melhoria da aptid\u00e3o f\u00edsica, no \u00e2mbito do treino desportivo;<\/li>\n\n\n\n<li style=\"font-size:21px\">Participar na conce\u00e7\u00e3o e implementa\u00e7\u00e3o de programas de atividades f\u00edsicas e desportivas em contexto de anima\u00e7\u00e3o e de ocupa\u00e7\u00e3o de tempos livres.<\/li>\n<\/ul>\n\n\n\n<p class=\"has-vivid-cyan-blue-color has-text-color has-link-color wp-elements-c8959a81a15a9815f0663d480285214c\" style=\"font-size:21px\"><strong>Podes trabalhar em:<\/strong><\/p>\n\n\n\n<ul>\n<li style=\"font-size:21px\">Autarquias<\/li>\n\n\n\n<li style=\"font-size:21px\">Clubes desportivos<\/li>\n\n\n\n<li style=\"font-size:21px\">Associa\u00e7\u00f5es desportivas<\/li>\n\n\n\n<li style=\"font-size:21px\">Empresas de aventura<\/li>\n\n\n\n<li style=\"font-size:21px\">Gin\u00e1sios<\/li>\n\n\n\n<li style=\"font-size:21px\">Organiza\u00e7\u00e3o de eventos<\/li>\n\n\n\n<li style=\"font-size:21px\">Com\u00e9rcio e fabrico de material desportivo<\/li>\n<\/ul>\n\n\n\n<h4 class=\"wp-block-heading has-vivid-red-color has-text-color has-link-color wp-elements-ed1e358574725904dba0401c948c8cc0\" style=\"font-size:21px\"><strong>Plano do Curso:<\/strong><\/h4>\n\n\n\n<p style=\"font-size:21px\"><strong>Sociocultural (1000h)&nbsp;<\/strong><\/p>\n\n\n\n<p style=\"font-size:21px\"><strong>Disciplinas:<\/strong>&nbsp;Portugu\u00eas | L\u00edngua Estrangeira | \u00c1rea de Integra\u00e7\u00e3o | Educa\u00e7\u00e3o F\u00edsica | Tecnologias da Informa\u00e7\u00e3o e Comunica\u00e7\u00e3o.<\/p>\n\n\n\n<p style=\"font-size:21px\"><strong>Cient\u00edfica (500h)<\/strong><\/p>\n\n\n\n<p style=\"font-size:21px\">Disciplinas: Matem\u00e1tica |\u00a0Estudo do Movimento | Psicologia<\/p>\n\n\n\n<p style=\"font-size:21px\"><strong>Tecnol\u00f3gica (1050h)<\/strong><\/p>\n\n\n\n<p style=\"font-size:21px\">Disciplinas: Introdu\u00e7\u00e3o ao Desporto\u00a0| Desportos Coletivos\u00a0| Desportos Individuais\u00a0| Atividades de Gin\u00e1sio.<\/p>\n\n\n\n<p style=\"font-size:21px\"><strong>Forma\u00e7\u00e3o em Contexto de Trabalho (600h).<\/strong><\/p>\n","protected":false},"excerpt":{"rendered":"<p>Visa a forma\u00e7\u00e3o de profissionais aptos a participar no planeamento, na organiza\u00e7\u00e3o e no desenvolvimento do treino de modalidades desportivas, individuais ou coletivas, bem como organizar e dinamizar atividades f\u00edsicas e desportivas em contexto de ocupa\u00e7\u00e3o de tempos livres, anima\u00e7\u00e3o <a href=\"http:\/\/www.agr1beja.pt\/?page_id=676\" class=\"read-more\">Ler mais &#8230;<\/a><\/p>\n","protected":false},"author":2,"featured_media":4880,"parent":4614,"menu_order":0,"comment_status":"closed","ping_status":"closed","template":"","meta":{"cybocfi_hide_featured_image":"","footnotes":""},"_links":{"self":[{"href":"http:\/\/www.agr1beja.pt\/index.php?rest_route=\/wp\/v2\/pages\/676"}],"collection":[{"href":"http:\/\/www.agr1beja.pt\/index.php?rest_route=\/wp\/v2\/pages"}],"about":[{"href":"http:\/\/www.agr1beja.pt\/index.php?rest_route=\/wp\/v2\/types\/page"}],"author":[{"embeddable":true,"href":"http:\/\/www.agr1beja.pt\/index.php?rest_route=\/wp\/v2\/users\/2"}],"replies":[{"embeddable":true,"href":"http:\/\/www.agr1beja.pt\/index.php?rest_route=%2Fwp%2Fv2%2Fcomments&post=676"}],"version-history":[{"count":11,"href":"http:\/\/www.agr1beja.pt\/index.php?rest_route=\/wp\/v2\/pages\/676\/revisions"}],"predecessor-version":[{"id":8124,"href":"http:\/\/www.agr1beja.pt\/index.php?rest_route=\/wp\/v2\/pages\/676\/revisions\/8124"}],"up":[{"embeddable":true,"href":"http:\/\/www.agr1beja.pt\/index.php?rest_route=\/wp\/v2\/pages\/4614"}],"wp:featuredmedia":[{"embeddable":true,"href":"http:\/\/www.agr1beja.pt\/index.php?rest_route=\/wp\/v2\/media\/4880"}],"wp:attachment":[{"href":"http:\/\/www.agr1beja.pt\/index.php?rest_route=%2Fwp%2Fv2%2Fmedia&parent=676"}],"curies":[{"name":"wp","href":"https:\/\/api.w.org\/{rel}","templated":true}]}}