{"id":673,"date":"2021-06-19T23:39:11","date_gmt":"2021-06-19T23:39:11","guid":{"rendered":"https:\/\/wp-anpri.pt\/esdg\/?page_id=673"},"modified":"2024-08-30T07:34:06","modified_gmt":"2024-08-30T07:34:06","slug":"multimedia-2","status":"publish","type":"page","link":"http:\/\/www.agr1beja.pt\/?page_id=673","title":{"rendered":"T\u00e9cnico de Multim\u00e9dia"},"content":{"rendered":"\n<p class=\"has-drop-cap justify-text\" style=\"font-size:21px\">Este curso visa a forma\u00e7\u00e3o de profissionais aptos a realizar a capta\u00e7\u00e3o de fotografia, v\u00eddeo e \u00e1udio, o desenho e produ\u00e7\u00e3o digital de conte\u00fados multim\u00e9dia e a desempenhar tarefas de car\u00e1cter t\u00e9cnico e art\u00edstico, com vista \u00e0 cria\u00e7\u00e3o de solu\u00e7\u00f5es interativas de comunica\u00e7\u00e3o, atrav\u00e9s do contacto com as mais comuns ferramentas utilizadas na produ\u00e7\u00e3o de material multim\u00e9dia e na aplica\u00e7\u00e3o do tratamento de imagem, desenho gr\u00e1fico 2D e 3D, pagina\u00e7\u00e3o, cria\u00e7\u00e3o de anima\u00e7\u00f5es, p\u00f3s-produ\u00e7\u00e3o de v\u00eddeo e \u00e1udio, desenvolvimento de conte\u00fados para <em>Internet<\/em>, <em>streams<\/em>, dispositivos m\u00f3veis e desenvolvimento de jogos.<\/p>\n\n\n\n<p class=\"has-vivid-cyan-blue-color has-text-color has-link-color wp-elements-37ad76858137e1eba28973ff5bcc1d87\" style=\"font-size:21px\"><strong>Ficas habilitado(a) a:<\/strong><\/p>\n\n\n\n<p style=\"font-size:21px\">\u2022 Conceber e desenvolver produtos multim\u00e9dia interativos;<br>\u2022 Captar, digitalizar e tratar imagens, som e texto;<br>\u2022 Digitalizar e editar som digital, imagens fixas e sequ\u00eancias de v\u00eddeo e a sua integra\u00e7\u00e3o em aplica\u00e7\u00f5es multim\u00e9dia;<br>\u2022 Editar conte\u00fados para a cria\u00e7\u00e3o de solu\u00e7\u00f5es de comunica\u00e7\u00e3o informativas e l\u00fadicas e integrar conte\u00fados, utilizando ferramentas de autor;<br>\u2022 Programar e desenhar conte\u00fados e aplica\u00e7\u00f5es multim\u00e9dia;<br>\u2022 Criar anima\u00e7\u00f5es digitais a duas ou tr\u00eas dimens\u00f5es e fazer a produ\u00e7\u00e3o de sites.<\/p>\n\n\n\n<p class=\"has-vivid-cyan-blue-color has-text-color has-link-color wp-elements-c8959a81a15a9815f0663d480285214c\" style=\"font-size:21px\"><strong>Podes trabalhar em:<\/strong><\/p>\n\n\n\n<p style=\"font-size:21px\">\u2022 Empresas de conce\u00e7\u00e3o gr\u00e1fica e publicidade;<br>\u2022 Empresas de produ\u00e7\u00e3o de audiovisual;<br>\u2022 Empresas de produ\u00e7\u00e3o de multim\u00e9dia e departamentos na \u00e1rea da informa\u00e7\u00e3o;<br>\u2022 Institui\u00e7\u00f5es de ensino e forma\u00e7\u00e3o;<br>\u2022 Design web e desenvolvimento web.<\/p>\n\n\n\n<h4 class=\"wp-block-heading has-vivid-red-color has-text-color has-link-color wp-elements-ed1e358574725904dba0401c948c8cc0\" style=\"font-size:21px\"><strong>Plano do Curso:<\/strong><\/h4>\n\n\n\n<p style=\"font-size:21px\"><strong>Sociocultural (1000h)&nbsp;<\/strong><\/p>\n\n\n\n<p style=\"font-size:21px\"><strong>Disciplinas:<\/strong>&nbsp;Portugu\u00eas | L\u00edngua Estrangeira | \u00c1rea de Integra\u00e7\u00e3o | Educa\u00e7\u00e3o F\u00edsica | Tecnologias da Informa\u00e7\u00e3o e Comunica\u00e7\u00e3o.<\/p>\n\n\n\n<p style=\"font-size:21px\"><strong>Cient\u00edfica (500h)<\/strong><\/p>\n\n\n\n<p style=\"font-size:21px\">Disciplinas: Matem\u00e1tica |&nbsp;Hist\u00f3ria da Cultura e das Artes | F\u00edsica<\/p>\n\n\n\n<p style=\"font-size:21px\"><strong>Tecnol\u00f3gica (1100h)<\/strong><\/p>\n\n\n\n<p style=\"font-size:21px\">Disciplinas: Sistemas de Informa\u00e7\u00e3o&nbsp;| Design, Comunica\u00e7\u00e3o e Audiovisuais&nbsp;| T\u00e9cnicas de Multim\u00e9dia&nbsp;| Projeto e Produ\u00e7\u00e3o Multim\u00e9dia.<\/p>\n\n\n\n<p style=\"font-size:21px\"><strong>Forma\u00e7\u00e3o em Contexto de Trabalho (600h).<\/strong><\/p>\n","protected":false},"excerpt":{"rendered":"<p>Este curso visa a forma\u00e7\u00e3o de profissionais aptos a realizar a capta\u00e7\u00e3o de fotografia, v\u00eddeo e \u00e1udio, o desenho e produ\u00e7\u00e3o digital de conte\u00fados multim\u00e9dia e a desempenhar tarefas de car\u00e1cter t\u00e9cnico e art\u00edstico, com vista \u00e0 cria\u00e7\u00e3o de solu\u00e7\u00f5es <a href=\"http:\/\/www.agr1beja.pt\/?page_id=673\" class=\"read-more\">Ler mais &#8230;<\/a><\/p>\n","protected":false},"author":2,"featured_media":4881,"parent":4614,"menu_order":0,"comment_status":"closed","ping_status":"closed","template":"","meta":{"cybocfi_hide_featured_image":"","footnotes":""},"_links":{"self":[{"href":"http:\/\/www.agr1beja.pt\/index.php?rest_route=\/wp\/v2\/pages\/673"}],"collection":[{"href":"http:\/\/www.agr1beja.pt\/index.php?rest_route=\/wp\/v2\/pages"}],"about":[{"href":"http:\/\/www.agr1beja.pt\/index.php?rest_route=\/wp\/v2\/types\/page"}],"author":[{"embeddable":true,"href":"http:\/\/www.agr1beja.pt\/index.php?rest_route=\/wp\/v2\/users\/2"}],"replies":[{"embeddable":true,"href":"http:\/\/www.agr1beja.pt\/index.php?rest_route=%2Fwp%2Fv2%2Fcomments&post=673"}],"version-history":[{"count":12,"href":"http:\/\/www.agr1beja.pt\/index.php?rest_route=\/wp\/v2\/pages\/673\/revisions"}],"predecessor-version":[{"id":8128,"href":"http:\/\/www.agr1beja.pt\/index.php?rest_route=\/wp\/v2\/pages\/673\/revisions\/8128"}],"up":[{"embeddable":true,"href":"http:\/\/www.agr1beja.pt\/index.php?rest_route=\/wp\/v2\/pages\/4614"}],"wp:featuredmedia":[{"embeddable":true,"href":"http:\/\/www.agr1beja.pt\/index.php?rest_route=\/wp\/v2\/media\/4881"}],"wp:attachment":[{"href":"http:\/\/www.agr1beja.pt\/index.php?rest_route=%2Fwp%2Fv2%2Fmedia&parent=673"}],"curies":[{"name":"wp","href":"https:\/\/api.w.org\/{rel}","templated":true}]}}