{"id":4616,"date":"2021-06-20T01:39:21","date_gmt":"2021-06-20T01:39:21","guid":{"rendered":"https:\/\/wp-anpri.pt\/esdg\/?page_id=709"},"modified":"2025-04-02T15:44:39","modified_gmt":"2025-04-02T15:44:39","slug":"inscricoes-online","status":"publish","type":"page","link":"http:\/\/www.agr1beja.pt\/?page_id=4616","title":{"rendered":"Inscri\u00e7\u00f5es Online"},"content":{"rendered":"\n<p style=\"font-size:22px\">Preenche o formul\u00e1rio abaixo. N\u00e3o te esque\u00e7as de escolher o\/s Curso\/s de acordo com a tua ordem de prefer\u00eancia!<\/p>\n\n\n\n<p class=\"has-luminous-vivid-amber-background-color has-background\" style=\"font-size:21px\"> <strong>J\u00e1 n\u00e3o \u00e9 poss\u00edvel preencheres o formul\u00e1rio Inscri\u00e7\u00e3o no curso pretendido!<br>Experimenta contactar os Servi\u00e7os Administrativos se considerares que se trata de um erro. <\/strong><\/p>\n\n\n\n<ul>\n<li style=\"font-size:22px\"><a rel=\"noreferrer noopener\" href=\"https:\/\/forms.gle\/J3vU2NV7WBkrDCQM9\" target=\"_blank\">Generalista (Para Cursos Mais Antigos)<\/a> <\/li>\n\n\n\n<li style=\"font-size:22px\"><a rel=\"noreferrer noopener\" href=\"https:\/\/forms.gle\/cEn7KccHR4Xr7h5U6\" target=\"_blank\">T\u00e9cnico Auxiliar de Sa\u00fade<\/a><\/li>\n\n\n\n<li style=\"font-size:22px\"><a rel=\"noreferrer noopener\" href=\"https:\/\/forms.gle\/xibHcp7BzrSTTL1fA\" target=\"_blank\">T\u00e9cnico de Desporto <\/a> <\/li>\n\n\n\n<li style=\"font-size:22px\"><a rel=\"noreferrer noopener\" aria-label=\" (opens in a new tab)\" href=\"https:\/\/forms.gle\/hnukWM7aRJqWbNHe8\" target=\"_blank\">T\u00e9cnico de Multim\u00e9dia<\/a> <\/li>\n<\/ul>\n","protected":false},"excerpt":{"rendered":"<p>Preenche o formul\u00e1rio abaixo. N\u00e3o te esque\u00e7as de escolher o\/s Curso\/s de acordo com a tua ordem de prefer\u00eancia! J\u00e1 n\u00e3o \u00e9 poss\u00edvel preencheres o formul\u00e1rio Inscri\u00e7\u00e3o no curso pretendido!Experimenta contactar os Servi\u00e7os Administrativos se considerares que se trata de <a href=\"http:\/\/www.agr1beja.pt\/?page_id=4616\" class=\"read-more\">Ler mais &#8230;<\/a><\/p>\n","protected":false},"author":2,"featured_media":0,"parent":0,"menu_order":0,"comment_status":"closed","ping_status":"closed","template":"","meta":{"cybocfi_hide_featured_image":"","footnotes":""},"_links":{"self":[{"href":"http:\/\/www.agr1beja.pt\/index.php?rest_route=\/wp\/v2\/pages\/4616"}],"collection":[{"href":"http:\/\/www.agr1beja.pt\/index.php?rest_route=\/wp\/v2\/pages"}],"about":[{"href":"http:\/\/www.agr1beja.pt\/index.php?rest_route=\/wp\/v2\/types\/page"}],"author":[{"embeddable":true,"href":"http:\/\/www.agr1beja.pt\/index.php?rest_route=\/wp\/v2\/users\/2"}],"replies":[{"embeddable":true,"href":"http:\/\/www.agr1beja.pt\/index.php?rest_route=%2Fwp%2Fv2%2Fcomments&post=4616"}],"version-history":[{"count":9,"href":"http:\/\/www.agr1beja.pt\/index.php?rest_route=\/wp\/v2\/pages\/4616\/revisions"}],"predecessor-version":[{"id":9211,"href":"http:\/\/www.agr1beja.pt\/index.php?rest_route=\/wp\/v2\/pages\/4616\/revisions\/9211"}],"wp:attachment":[{"href":"http:\/\/www.agr1beja.pt\/index.php?rest_route=%2Fwp%2Fv2%2Fmedia&parent=4616"}],"curies":[{"name":"wp","href":"https:\/\/api.w.org\/{rel}","templated":true}]}}