{"id":242,"date":"2019-09-08T13:46:36","date_gmt":"2019-09-08T13:46:36","guid":{"rendered":"http:\/\/agr1beja.online\/?page_id=242"},"modified":"2020-12-20T17:13:15","modified_gmt":"2020-12-20T17:13:15","slug":"eb-santa-maria","status":"publish","type":"page","link":"http:\/\/www.agr1beja.pt\/?page_id=242","title":{"rendered":"EB Santa Maria"},"content":{"rendered":"\n<p style=\"font-size:19px\">N\u00e3o existe, neste momento, qualquer informa\u00e7\u00e3o sobre a Escola B\u00e1sica de Santa Maria, escola integrada no Agrupamento de Escolas n\u00ba1 de Beja.<\/p>\n","protected":false},"excerpt":{"rendered":"<p>N\u00e3o existe, neste momento, qualquer informa\u00e7\u00e3o sobre a Escola B\u00e1sica de Santa Maria, escola integrada no Agrupamento de Escolas n\u00ba1 de Beja.<\/p>\n","protected":false},"author":1,"featured_media":0,"parent":0,"menu_order":0,"comment_status":"closed","ping_status":"closed","template":"","meta":{"cybocfi_hide_featured_image":"","footnotes":""},"_links":{"self":[{"href":"http:\/\/www.agr1beja.pt\/index.php?rest_route=\/wp\/v2\/pages\/242"}],"collection":[{"href":"http:\/\/www.agr1beja.pt\/index.php?rest_route=\/wp\/v2\/pages"}],"about":[{"href":"http:\/\/www.agr1beja.pt\/index.php?rest_route=\/wp\/v2\/types\/page"}],"author":[{"embeddable":true,"href":"http:\/\/www.agr1beja.pt\/index.php?rest_route=\/wp\/v2\/users\/1"}],"replies":[{"embeddable":true,"href":"http:\/\/www.agr1beja.pt\/index.php?rest_route=%2Fwp%2Fv2%2Fcomments&post=242"}],"version-history":[{"count":2,"href":"http:\/\/www.agr1beja.pt\/index.php?rest_route=\/wp\/v2\/pages\/242\/revisions"}],"predecessor-version":[{"id":2515,"href":"http:\/\/www.agr1beja.pt\/index.php?rest_route=\/wp\/v2\/pages\/242\/revisions\/2515"}],"wp:attachment":[{"href":"http:\/\/www.agr1beja.pt\/index.php?rest_route=%2Fwp%2Fv2%2Fmedia&parent=242"}],"curies":[{"name":"wp","href":"https:\/\/api.w.org\/{rel}","templated":true}]}}