{"id":2236,"date":"2020-10-22T17:49:53","date_gmt":"2020-10-22T17:49:53","guid":{"rendered":"http:\/\/www.agr1beja.pt\/?page_id=2236"},"modified":"2022-04-22T12:35:45","modified_gmt":"2022-04-22T12:35:45","slug":"documentos-erasmus","status":"publish","type":"page","link":"http:\/\/www.agr1beja.pt\/?page_id=2236","title":{"rendered":"Documentos Erasmus"},"content":{"rendered":"\n<p class=\"has-medium-font-size\"><img loading=\"lazy\" decoding=\"async\" width=\"16\" height=\"27\" class=\"wp-image-2245\" style=\"width: 16px;\" src=\"http:\/\/www.agr1beja.pt\/wp-content\/uploads\/pin.png\" alt=\"\"> Consulte <strong><a href=\"http:\/\/www.agr1beja.pt\/wp-content\/uploads\/projetos_europeus.pdf\" target=\"_blank\" rel=\"noreferrer noopener\" aria-label=\"aqui (opens in a new tab)\">aqui<\/a><\/strong> o PDF com mais informa\u00e7\u00f5es sobre os projetos europeus do AGR1 (bi\u00e9nio 2021\/2022).<\/p>\n\n\n\n<p style=\"text-align:left\" class=\"has-medium-font-size\"><img loading=\"lazy\" decoding=\"async\" width=\"16\" height=\"27\" class=\"wp-image-2245\" style=\"width: 16px; text-align:center\" src=\"http:\/\/www.agr1beja.pt\/wp-content\/uploads\/pin.png\" alt=\"\"> <strong>Acredita\u00e7\u00e3o Erasmus KA1<\/strong><br>V\u00eddeo do Semin\u00e1rio Digital \u201cAcredita\u00e7\u00e3o Erasmus KA1\u201d realizado via plataforma digital no dia 14 de Julho de 2020. Aceda <a rel=\"noreferrer noopener\" aria-label=\"aqui (opens in a new tab)\" href=\"https:\/\/drive.google.com\/file\/d\/1jQ4H_OV1_XYINCxKcHEoAAjTr6WR3Het\/view\" target=\"_blank\"><strong>aqui<\/strong><\/a>.<\/p>\n\n\n\n<p class=\"has-medium-font-size\"><img loading=\"lazy\" decoding=\"async\" width=\"16\" height=\"27\" class=\"wp-image-2245\" style=\"width: 16px;\" src=\"http:\/\/www.agr1beja.pt\/wp-content\/uploads\/pin.png\" alt=\"\"> <strong>Crit\u00e9rios de sele\u00e7\u00e3o dos alunos para mobilidades Erasmus+<\/strong> &#8211; Consulte <strong><a rel=\"noreferrer noopener\" aria-label=\"aqui (opens in a new tab)\" href=\"http:\/\/www.agr1beja.pt\/wp-content\/uploads\/criterios_Erasmus.pdf\" target=\"_blank\">aqui<\/a><\/strong>.<\/p>\n","protected":false},"excerpt":{"rendered":"<p>Consulte aqui o PDF com mais informa\u00e7\u00f5es sobre os projetos europeus do AGR1 (bi\u00e9nio 2021\/2022). Acredita\u00e7\u00e3o Erasmus KA1V\u00eddeo do Semin\u00e1rio Digital \u201cAcredita\u00e7\u00e3o Erasmus KA1\u201d realizado via plataforma digital no dia 14 de Julho de 2020. Aceda aqui. Crit\u00e9rios de sele\u00e7\u00e3o <a href=\"http:\/\/www.agr1beja.pt\/?page_id=2236\" class=\"read-more\">Ler mais &#8230;<\/a><\/p>\n","protected":false},"author":1,"featured_media":0,"parent":0,"menu_order":0,"comment_status":"closed","ping_status":"closed","template":"","meta":{"cybocfi_hide_featured_image":"","footnotes":""},"_links":{"self":[{"href":"http:\/\/www.agr1beja.pt\/index.php?rest_route=\/wp\/v2\/pages\/2236"}],"collection":[{"href":"http:\/\/www.agr1beja.pt\/index.php?rest_route=\/wp\/v2\/pages"}],"about":[{"href":"http:\/\/www.agr1beja.pt\/index.php?rest_route=\/wp\/v2\/types\/page"}],"author":[{"embeddable":true,"href":"http:\/\/www.agr1beja.pt\/index.php?rest_route=\/wp\/v2\/users\/1"}],"replies":[{"embeddable":true,"href":"http:\/\/www.agr1beja.pt\/index.php?rest_route=%2Fwp%2Fv2%2Fcomments&post=2236"}],"version-history":[{"count":15,"href":"http:\/\/www.agr1beja.pt\/index.php?rest_route=\/wp\/v2\/pages\/2236\/revisions"}],"predecessor-version":[{"id":4040,"href":"http:\/\/www.agr1beja.pt\/index.php?rest_route=\/wp\/v2\/pages\/2236\/revisions\/4040"}],"wp:attachment":[{"href":"http:\/\/www.agr1beja.pt\/index.php?rest_route=%2Fwp%2Fv2%2Fmedia&parent=2236"}],"curies":[{"name":"wp","href":"https:\/\/api.w.org\/{rel}","templated":true}]}}