{"id":203,"date":"2019-09-08T11:16:03","date_gmt":"2019-09-08T11:16:03","guid":{"rendered":"http:\/\/agr1beja.online\/?page_id=203"},"modified":"2024-10-07T12:44:27","modified_gmt":"2024-10-07T12:44:27","slug":"escolas-de-1o-ciclo","status":"publish","type":"page","link":"http:\/\/www.agr1beja.pt\/?page_id=203","title":{"rendered":"Escolas de 1\u00ba Ciclo"},"content":{"rendered":"<div class=\"wp-block-image\">\n<figure class=\"aligncenter is-resized\"><img loading=\"lazy\" decoding=\"async\" width=\"350\" height=\"384\" src=\"http:\/\/www.agr1beja.pt\/wp-content\/uploads\/1ciclo_escola.jpg\" alt=\"\" class=\"wp-image-2122\" style=\"width:183px;height:200px\" srcset=\"http:\/\/www.agr1beja.pt\/wp-content\/uploads\/1ciclo_escola.jpg 350w, http:\/\/www.agr1beja.pt\/wp-content\/uploads\/1ciclo_escola-273x300.jpg 273w, http:\/\/www.agr1beja.pt\/wp-content\/uploads\/1ciclo_escola-246x270.jpg 246w\" sizes=\"(max-width: 350px) 100vw, 350px\" \/><\/figure><\/div>\n\n\n<p style=\"font-size:19px\"><strong>Centro Educativo de Santiago Maior, Beja<\/strong><br>Av. Comandante Ramiro Correia, Beja &#8211; Tel: 284 389230<br><br><strong>Centro Educativo de Santa Maria, Beja<\/strong><br>Rua Jos\u00e9 Belchior Pereira Junior, Beja &#8211; Tel: 284 321178<br><br><strong>Escola B\u00e1sica de Baleiz\u00e3o<\/strong><br>Rua Francisco M. Duarte, Baleiz\u00e3o &#8211; Tel: 284 924202<br><br><strong>Escola B\u00e1sica de Beringel<\/strong><br>Rua Dr. Carlos Moreira, n\u00ba27, Beringel &#8211; Tel: 284 998741<br><br><strong>Escola B\u00e1sica de N. S. das Neves<\/strong><br>Largo da Escola, N. S. das Neves &#8211; Tel: 284 331411<br><br><strong>Escola B\u00e1sica de Penedo Gordo<\/strong><br>Rua das Cavadas, Penedo Gordo &#8211; Tel: 284 341280<br><br><strong>Escola B\u00e1sica de Santa Vit\u00f3ria<\/strong><br>Rua 25 de Abril, Santa Vit\u00f3ria &#8211; Tel: 284 975196<br><br><strong>Escola B\u00e1sica de S\u00e3o Matias<\/strong><br>Largo da Escola, S\u00e3o Matias &#8211; Tel: 284 915441<br><br><strong>Escola B\u00e1sica de Trigaches<\/strong><br>Rua Caminho da Fonte, Trigaches &#8211; Tel: 284 998215<\/p>\n","protected":false},"excerpt":{"rendered":"<p>Centro Educativo de Santiago Maior, BejaAv. Comandante Ramiro Correia, Beja &#8211; Tel: 284 389230 Centro Educativo de Santa Maria, BejaRua Jos\u00e9 Belchior Pereira Junior, Beja &#8211; Tel: 284 321178 Escola B\u00e1sica de Baleiz\u00e3oRua Francisco M. Duarte, Baleiz\u00e3o &#8211; Tel: 284 <a href=\"http:\/\/www.agr1beja.pt\/?page_id=203\" class=\"read-more\">Ler mais &#8230;<\/a><\/p>\n","protected":false},"author":1,"featured_media":0,"parent":0,"menu_order":0,"comment_status":"closed","ping_status":"closed","template":"","meta":{"cybocfi_hide_featured_image":"","footnotes":""},"_links":{"self":[{"href":"http:\/\/www.agr1beja.pt\/index.php?rest_route=\/wp\/v2\/pages\/203"}],"collection":[{"href":"http:\/\/www.agr1beja.pt\/index.php?rest_route=\/wp\/v2\/pages"}],"about":[{"href":"http:\/\/www.agr1beja.pt\/index.php?rest_route=\/wp\/v2\/types\/page"}],"author":[{"embeddable":true,"href":"http:\/\/www.agr1beja.pt\/index.php?rest_route=\/wp\/v2\/users\/1"}],"replies":[{"embeddable":true,"href":"http:\/\/www.agr1beja.pt\/index.php?rest_route=%2Fwp%2Fv2%2Fcomments&post=203"}],"version-history":[{"count":10,"href":"http:\/\/www.agr1beja.pt\/index.php?rest_route=\/wp\/v2\/pages\/203\/revisions"}],"predecessor-version":[{"id":8313,"href":"http:\/\/www.agr1beja.pt\/index.php?rest_route=\/wp\/v2\/pages\/203\/revisions\/8313"}],"wp:attachment":[{"href":"http:\/\/www.agr1beja.pt\/index.php?rest_route=%2Fwp%2Fv2%2Fmedia&parent=203"}],"curies":[{"name":"wp","href":"https:\/\/api.w.org\/{rel}","templated":true}]}}