{"id":175,"date":"2019-09-07T21:48:17","date_gmt":"2019-09-07T21:48:17","guid":{"rendered":"http:\/\/agr1beja.online\/?page_id=175"},"modified":"2025-06-12T10:23:23","modified_gmt":"2025-06-12T10:23:23","slug":"acao-social-escolar","status":"publish","type":"page","link":"http:\/\/www.agr1beja.pt\/?page_id=175","title":{"rendered":"A\u00e7\u00e3o Social Escolar"},"content":{"rendered":"<div class=\"wp-block-image\">\n<figure class=\"aligncenter\"><img loading=\"lazy\" decoding=\"async\" width=\"300\" height=\"171\" src=\"http:\/\/www.agr1beja.pt\/wp-content\/uploads\/acao_social_logo.jpg\" alt=\"\" class=\"wp-image-1531\"\/><\/figure><\/div>\n\n\n<p class=\"justify-text\" style=\"font-size:21px\">A <strong>A\u00e7\u00e3o Social Escolar<\/strong> (ASE) traduz-se num conjunto de medidas destinadas a garantir a igualdade de oportunidades de acesso e sucesso escolares a todos os alunos dos ensinos b\u00e1sico e secund\u00e1rio e a promover medidas de apoio socioeducativo destinadas aos alunos de agregados familiares cuja situa\u00e7\u00e3o econ\u00f3mica determina a necessidade de comparticipa\u00e7\u00f5es financeiras.<\/p>\n\n\n\n<p style=\"font-size:21px\">Para mais informa\u00e7\u00f5es sobre a <strong>ASE<\/strong> clique <strong><a aria-label=\"aqui (opens in a new tab)\" href=\"https:\/\/www.dgeste.mec.pt\/?page_id=25370\" target=\"_blank\" rel=\"noreferrer noopener\">aqui<\/a><\/strong><br><br><strong>Seguro Escolar<\/strong> &#8211; AVISO (de 6 de junho de 2025) &#8211; Consulte <strong><a href=\"http:\/\/www.agr1beja.pt\/wp-content\/uploads\/aviso_seguro_escolar_2025.pdf\" target=\"_blank\" rel=\"noreferrer noopener\">aqui<\/a><\/strong> <img loading=\"lazy\" decoding=\"async\" width=\"62\" height=\"19\" class=\"wp-image-2907\" style=\"width: 62px;\" src=\"http:\/\/www.agr1beja.pt\/wp-content\/uploads\/novo.gif\" alt=\"\"><br><strong>Documentos necess\u00e1rios para obter apoio social escolar<\/strong> &#8211; Consulte <strong><a href=\"http:\/\/www.agr1beja.pt\/wp-content\/uploads\/aviso_auxilios_economicos_escaloes_2025.pdf\" target=\"_blank\" rel=\"noreferrer noopener\">aqu<\/a><a aria-label=\"aqui (opens in a new tab)\" href=\"http:\/\/www.agr1beja.pt\/wp-content\/uploads\/aviso_sub_2021.pdf\" target=\"_blank\" rel=\"noreferrer noopener\">i<\/a><\/strong> <img loading=\"lazy\" decoding=\"async\" width=\"62\" height=\"19\" class=\"wp-image-2907\" style=\"width: 62px;\" src=\"http:\/\/www.agr1beja.pt\/wp-content\/uploads\/novo.gif\" alt=\"\"><br><strong>Declara\u00e7\u00e3o sob compromisso de honra<\/strong> &#8211; Consulte <strong><a aria-label=\"aqui (opens in a new tab)\" href=\"http:\/\/www.agr1beja.pt\/wp-content\/uploads\/dec_comp_honra.pdf\" target=\"_blank\" rel=\"noreferrer noopener\">aqui<\/a><\/strong><br><strong>Declara\u00e7\u00e3o Sistema\/Sub-Sistema de Sa\u00fade<\/strong> &#8211; Consulte <strong><a aria-label=\"aqui (opens in a new tab)\" href=\"http:\/\/www.agr1beja.pt\/wp-content\/uploads\/dec_sis_saude.pdf\" target=\"_blank\" rel=\"noreferrer noopener\">aqui<\/a><\/strong><\/p>\n\n\n\n<p style=\"font-size:21px\"><strong>Pr\u00e9-Escolar \/<\/strong> <strong>1\u00ba Ciclo<\/strong> <br>Tal como tem sucedido em anos anteriores, segue em anexo a informa\u00e7\u00e3o e respetivas minutas relativas \u00e0s inscri\u00e7\u00f5es na Componente de Apoio \u00e0 Fam\u00edlia, bem como para as Refei\u00e7\u00f5es do 1.\u00ba Ciclo e Aux\u00edlios Econ\u00f3micos para o ano letivo (2023\/2024).<br><strong>A\u00e7\u00e3o Social Escolar (Pr\u00e9-Escolar)<\/strong> &#8211; <strong>Formul\u00e1rio<\/strong> &#8211; Consulte <a aria-label=\"Formul\u00e1rio - Consulte aqui (opens in a new tab)\" href=\"http:\/\/www.agr1beja.pt\/wp-content\/uploads\/pre_escolar_formulario.pdf\" target=\"_blank\" rel=\"noreferrer noopener\"><strong>aqui<\/strong><\/a><br><strong>A\u00e7\u00e3o Social Escolar (1\u00baCiclo)<\/strong> &#8211; <strong>Formul\u00e1rio<\/strong> &#8211; Consulte <strong><a aria-label=\"aqui (opens in a new tab)\" href=\"http:\/\/www.agr1beja.pt\/wp-content\/uploads\/1_ciclo_subsidios_info.pdf\" target=\"_blank\" rel=\"noreferrer noopener\">aqui<\/a><\/strong><br><strong>A\u00e7\u00e3o Social Escolar <\/strong>&#8211;<strong> Informa\u00e7\u00f5es<\/strong> &#8211; Consulte <strong><a aria-label=\"aqui (opens in a new tab)\" href=\"http:\/\/www.agr1beja.pt\/wp-content\/uploads\/1_ciclo_formulario.pdf\" target=\"_blank\" rel=\"noreferrer noopener\">aqui<\/a><\/strong><\/p>\n\n\n\n<p style=\"font-size:21px\"><strong>Normas relativas aos Manuais Escolares<\/strong><br>Reutiliza\u00e7\u00e3o manuais escolares &#8211; Consulte <a aria-label=\"aqui (opens in a new tab)\" href=\"http:\/\/www.agr1beja.pt\/wp-content\/uploads\/reutilizacao_manuais.pdf\" target=\"_blank\" rel=\"noreferrer noopener\"><strong>aqui<\/strong><\/a><br>Despacho 6352\/2020 &#8211; Manuais Escolares &#8211; Consulte <a aria-label=\" (opens in a new tab)\" href=\"http:\/\/www.agr1beja.pt\/wp-content\/uploads\/despacho_6352_2020.pdf\" target=\"_blank\" rel=\"noreferrer noopener\"><strong>aqui<\/strong><\/a><br><br><strong>Devolu\u00e7\u00e3o de Manuais Escolares<\/strong><br>(Sem informa\u00e7\u00f5es dispon\u00edveis neste momento)<br><br><strong>Aviso sobre candidaturas de Bolsas de M\u00e9rito<\/strong> &#8211; Consulte <strong><a href=\"http:\/\/www.agr1beja.pt\/wp-content\/uploads\/aviso_bolsas_merito_2025.pdf\" target=\"_blank\" rel=\"noreferrer noopener\">aqui<\/a><\/strong> <img loading=\"lazy\" decoding=\"async\" width=\"62\" height=\"19\" class=\"wp-image-2907\" style=\"width: 62px;\" src=\"http:\/\/www.agr1beja.pt\/wp-content\/uploads\/novo.gif\" alt=\"\"><br><strong>Impresso de candidatura a Subs\u00eddio\/Bolsa de M\u00e9rito (PDF)<\/strong> &#8211; Consulte <a href=\"https:\/\/www.agr1beja.pt\/wp-content\/uploads\/impresso_candidatura.pdf\" target=\"_blank\" rel=\"noreferrer noopener\"><strong>aqui<\/strong><\/a> <\/p>\n\n\n\n<p style=\"font-size:21px\"><strong>Visitas de Estudo &#8211; AVISO<\/strong> &#8211; Consulte <a href=\"http:\/\/www.agr1beja.pt\/wp-content\/uploads\/aviso_visitas_estudo_2025.pdf\" target=\"_blank\" rel=\"noreferrer noopener\"><strong>aqui<\/strong><\/a> <img loading=\"lazy\" decoding=\"async\" width=\"62\" height=\"19\" class=\"wp-image-2907\" style=\"width: 62px;\" src=\"http:\/\/www.agr1beja.pt\/wp-content\/uploads\/novo.gif\" alt=\"\"><\/p>\n\n\n\n<p style=\"font-size:11px\">\u00daltima altera\u00e7\u00e3o: 12\/06\/2025<\/p>\n","protected":false},"excerpt":{"rendered":"<p>A A\u00e7\u00e3o Social Escolar (ASE) traduz-se num conjunto de medidas destinadas a garantir a igualdade de oportunidades de acesso e sucesso escolares a todos os alunos dos ensinos b\u00e1sico e secund\u00e1rio e a promover medidas de apoio socioeducativo destinadas aos <a href=\"http:\/\/www.agr1beja.pt\/?page_id=175\" class=\"read-more\">Ler mais &#8230;<\/a><\/p>\n","protected":false},"author":1,"featured_media":0,"parent":0,"menu_order":0,"comment_status":"closed","ping_status":"closed","template":"","meta":{"cybocfi_hide_featured_image":"","footnotes":""},"_links":{"self":[{"href":"http:\/\/www.agr1beja.pt\/index.php?rest_route=\/wp\/v2\/pages\/175"}],"collection":[{"href":"http:\/\/www.agr1beja.pt\/index.php?rest_route=\/wp\/v2\/pages"}],"about":[{"href":"http:\/\/www.agr1beja.pt\/index.php?rest_route=\/wp\/v2\/types\/page"}],"author":[{"embeddable":true,"href":"http:\/\/www.agr1beja.pt\/index.php?rest_route=\/wp\/v2\/users\/1"}],"replies":[{"embeddable":true,"href":"http:\/\/www.agr1beja.pt\/index.php?rest_route=%2Fwp%2Fv2%2Fcomments&post=175"}],"version-history":[{"count":66,"href":"http:\/\/www.agr1beja.pt\/index.php?rest_route=\/wp\/v2\/pages\/175\/revisions"}],"predecessor-version":[{"id":9550,"href":"http:\/\/www.agr1beja.pt\/index.php?rest_route=\/wp\/v2\/pages\/175\/revisions\/9550"}],"wp:attachment":[{"href":"http:\/\/www.agr1beja.pt\/index.php?rest_route=%2Fwp%2Fv2%2Fmedia&parent=175"}],"curies":[{"name":"wp","href":"https:\/\/api.w.org\/{rel}","templated":true}]}}