{"id":1668,"date":"2020-07-21T13:04:09","date_gmt":"2020-07-21T13:04:09","guid":{"rendered":"http:\/\/www.agr1beja.pt\/?page_id=1668"},"modified":"2024-02-14T14:59:34","modified_gmt":"2024-02-14T14:59:34","slug":"ppm","status":"publish","type":"page","link":"http:\/\/www.agr1beja.pt\/?page_id=1668","title":{"rendered":"Plano Plurianual de Melhoria"},"content":{"rendered":"<div class=\"wp-block-image\">\n<figure class=\"aligncenter size-full is-resized\"><img loading=\"lazy\" decoding=\"async\" width=\"300\" height=\"300\" src=\"http:\/\/www.agr1beja.pt\/wp-content\/uploads\/plan_clipart.jpg\" alt=\"\" class=\"wp-image-6911\" style=\"width:146px;height:auto\" srcset=\"http:\/\/www.agr1beja.pt\/wp-content\/uploads\/plan_clipart.jpg 300w, http:\/\/www.agr1beja.pt\/wp-content\/uploads\/plan_clipart-150x150.jpg 150w, http:\/\/www.agr1beja.pt\/wp-content\/uploads\/plan_clipart-270x270.jpg 270w\" sizes=\"(max-width: 300px) 100vw, 300px\" \/><\/figure><\/div>\n\n\n<p style=\"font-size:19px\">Adenda ao <strong>Plano Plurianual de Melhoria TEIP \u2013 2021\/2022<\/strong> &#8211; Consulte <strong><a aria-label=\"aqui (opens in a new tab)\" href=\"http:\/\/www.agr1beja.pt\/wp-content\/uploads\/adenda_ppm_2021_2022.pdf\" target=\"_blank\" rel=\"noreferrer noopener\">aqui<\/a><\/strong>.<br>Adenda ao <strong>Plano Plurianual de Melhoria TEIP \u2013 2022\/2023<\/strong> &#8211; Consulte <strong><a href=\"http:\/\/www.agr1beja.pt\/wp-content\/uploads\/PPM_22_23_adenda_vf.pdf\" target=\"_blank\" rel=\"noreferrer noopener\">aqui<\/a><\/strong>. <br>Adenda ao <strong>Plano Plurianual de Melhoria TEIP \u2013 2023\/2024<\/strong> &#8211; Consulte <strong><a href=\"http:\/\/www.agr1beja.pt\/wp-content\/uploads\/PPM_adenda_23_24.pdf\" target=\"_blank\" rel=\"noreferrer noopener\">aqui<\/a><\/strong>. <\/p>\n\n\n\n<p style=\"font-size:19px\"><strong>Clima da Escola &#8211; Question\u00e1rio<\/strong> <strong>2021<\/strong> &#8211; Consulte <strong><a href=\"http:\/\/www.agr1beja.pt\/wp-content\/uploads\/clima_escola_quest_2021.pdf\">aqui<\/a><\/strong>. <br><strong>Clima da Escola &#8211; Respostas ao Question\u00e1rio<\/strong> <strong>2021<\/strong> &#8211; Consulte <strong><a rel=\"noreferrer noopener\" aria-label=\" (opens in a new tab)\" href=\"http:\/\/www.agr1beja.pt\/wp-content\/uploads\/clima_escola_quest_resp_2021.pdf\" target=\"_blank\">aqui<\/a><\/strong>. <\/p>\n\n\n\n<p style=\"font-size:19px\"><strong>Din\u00e2micas Pedag\u00f3gicas do Agrupamento &#8211; Question\u00e1rio<\/strong> <strong>2021<\/strong> &#8211; Consulte <strong><a rel=\"noreferrer noopener\" aria-label=\" (opens in a new tab)\" href=\"http:\/\/www.agr1beja.pt\/wp-content\/uploads\/dinamicas_ped_quest_2021.pdf\" target=\"_blank\">aqui<\/a><\/strong>. <br><strong>Din\u00e2micas Pedag\u00f3gicas do Agrupamento &#8211; Respostas<\/strong> <strong>ao Question\u00e1rio 2021<\/strong> &#8211; Consulte <strong><a href=\"http:\/\/www.agr1beja.pt\/wp-content\/uploads\/dinamicas_ped_quest_resp_2021.pdf\">aqui<\/a><\/strong>. <\/p>\n\n\n\n<p style=\"font-size:12px\">\u00daltima atualiza\u00e7\u00e3o: 14\/02\/2024<\/p>\n","protected":false},"excerpt":{"rendered":"<p>Adenda ao Plano Plurianual de Melhoria TEIP \u2013 2021\/2022 &#8211; Consulte aqui.Adenda ao Plano Plurianual de Melhoria TEIP \u2013 2022\/2023 &#8211; Consulte aqui. Adenda ao Plano Plurianual de Melhoria TEIP \u2013 2023\/2024 &#8211; Consulte aqui. Clima da Escola &#8211; Question\u00e1rio <a href=\"http:\/\/www.agr1beja.pt\/?page_id=1668\" class=\"read-more\">Ler mais &#8230;<\/a><\/p>\n","protected":false},"author":1,"featured_media":0,"parent":0,"menu_order":0,"comment_status":"closed","ping_status":"closed","template":"","meta":{"cybocfi_hide_featured_image":"","footnotes":""},"_links":{"self":[{"href":"http:\/\/www.agr1beja.pt\/index.php?rest_route=\/wp\/v2\/pages\/1668"}],"collection":[{"href":"http:\/\/www.agr1beja.pt\/index.php?rest_route=\/wp\/v2\/pages"}],"about":[{"href":"http:\/\/www.agr1beja.pt\/index.php?rest_route=\/wp\/v2\/types\/page"}],"author":[{"embeddable":true,"href":"http:\/\/www.agr1beja.pt\/index.php?rest_route=\/wp\/v2\/users\/1"}],"replies":[{"embeddable":true,"href":"http:\/\/www.agr1beja.pt\/index.php?rest_route=%2Fwp%2Fv2%2Fcomments&post=1668"}],"version-history":[{"count":31,"href":"http:\/\/www.agr1beja.pt\/index.php?rest_route=\/wp\/v2\/pages\/1668\/revisions"}],"predecessor-version":[{"id":6913,"href":"http:\/\/www.agr1beja.pt\/index.php?rest_route=\/wp\/v2\/pages\/1668\/revisions\/6913"}],"wp:attachment":[{"href":"http:\/\/www.agr1beja.pt\/index.php?rest_route=%2Fwp%2Fv2%2Fmedia&parent=1668"}],"curies":[{"name":"wp","href":"https:\/\/api.w.org\/{rel}","templated":true}]}}