{"id":1663,"date":"2020-07-21T13:00:13","date_gmt":"2020-07-21T13:00:13","guid":{"rendered":"http:\/\/www.agr1beja.pt\/?page_id=1663"},"modified":"2022-11-30T10:05:54","modified_gmt":"2022-11-30T10:05:54","slug":"plano-de-inovacao","status":"publish","type":"page","link":"http:\/\/www.agr1beja.pt\/?page_id=1663","title":{"rendered":"Plano de Inova\u00e7\u00e3o"},"content":{"rendered":"\n<div class=\"wp-block-image\"><figure class=\"aligncenter\"><img loading=\"lazy\" decoding=\"async\" width=\"400\" height=\"176\" src=\"http:\/\/www.agr1beja.pt\/wp-content\/uploads\/plano_inovacao_img.jpg\" alt=\"\" class=\"wp-image-1686\" srcset=\"http:\/\/www.agr1beja.pt\/wp-content\/uploads\/plano_inovacao_img.jpg 400w, http:\/\/www.agr1beja.pt\/wp-content\/uploads\/plano_inovacao_img-300x132.jpg 300w, http:\/\/www.agr1beja.pt\/wp-content\/uploads\/plano_inovacao_img-360x158.jpg 360w\" sizes=\"(max-width: 400px) 100vw, 400px\" \/><\/figure><\/div>\n\n\n\n<p style=\"font-size:19px\"><strong>Plano de Inova\u00e7\u00e3o \u2013 2021\/2022 | 2022\/2023<\/strong> &#8211; Consulte <strong><a href=\"http:\/\/www.agr1beja.pt\/wp-content\/uploads\/PI-_-V4-1.pdf\" target=\"_blank\" rel=\"noreferrer noopener\" aria-label=\" (opens in a new tab)\">aqui<\/a><\/strong>.<\/p>\n\n\n\n<p style=\"font-size:19px\"><strong>TEIP &#8211; P\u00e1gina do Plano de Inova\u00e7\u00e3o<\/strong> &#8211; Consulte <strong><a rel=\"noreferrer noopener\" aria-label=\"aqu (opens in a new tab)\" href=\"https:\/\/planoinovacao.wixsite.com\/site\" target=\"_blank\">aqu<\/a>i<\/strong>.<\/p>\n\n\n\n<p style=\"font-size:19px\"><strong>Organiza\u00e7\u00e3o Curricular de suporte ao Plano de Inova\u00e7\u00e3o<\/strong> &#8211; Consulte <strong><a href=\"http:\/\/www.agr1beja.pt\/wp-content\/uploads\/organiza\u00e7\u00e3o_cur_1_2.pdf\" target=\"_blank\" rel=\"noreferrer noopener\" aria-label=\"aqui (opens in a new tab)\">aqui<\/a><\/strong>.<\/p>\n\n\n\n<p style=\"font-size:19px\"><a rel=\"noreferrer noopener\" aria-label=\" (opens in a new tab)\" href=\"http:\/\/www.agr1beja.pt\/wp-content\/uploads\/pi_criterios_form_grupo_2ciclo.pdf\" target=\"_blank\">Crit\u00e9rios de Forma\u00e7\u00e3o dos Grupos<\/a><br><a rel=\"noreferrer noopener\" aria-label=\" (opens in a new tab)\" href=\"http:\/\/www.agr1beja.pt\/wp-content\/uploads\/AE-2.ciclo-22-23-artes-5-.pdf\" target=\"_blank\">Programa &#8211; Oficina &#8220;Artes&#8221; &#8211; 2\u00ba ciclo<\/a> (5\u00baano)<br><a href=\"http:\/\/www.agr1beja.pt\/wp-content\/uploads\/AE-2.ciclo-22-23-artes-6-.pdf\" target=\"_blank\" rel=\"noreferrer noopener\" aria-label=\" (opens in a new tab)\">Programa &#8211; Oficina &#8220;Artes&#8221; &#8211; 2\u00ba ciclo<\/a> (6\u00baano)<br><a rel=\"noreferrer noopener\" aria-label=\" (opens in a new tab)\" href=\"http:\/\/www.agr1beja.pt\/wp-content\/uploads\/AE-2.ciclo-22-23-eu-descubro-5.pdf\" target=\"_blank\">Programa &#8211; Oficina &#8220;Eu Descubro&#8221; &#8211; 2\u00ba ciclo<\/a> (5\u00baano)<br><a rel=\"noreferrer noopener\" aria-label=\" (opens in a new tab)\" href=\"http:\/\/www.agr1beja.pt\/wp-content\/uploads\/AE-2.-ciclo-22-23-multim\u00e9dia-5.pdf\" target=\"_blank\">Programa &#8211; Oficina &#8220;Multim\u00e9dia&#8221; &#8211; 2\u00ba ciclo<\/a> (5\u00baano)<br><a rel=\"noreferrer noopener\" aria-label=\" (opens in a new tab)\" href=\"http:\/\/www.agr1beja.pt\/wp-content\/uploads\/AE-2.-ciclo-22-23-multim\u00e9dia-6.pdf\" target=\"_blank\">Programa &#8211; Oficina &#8220;Multim\u00e9dia&#8221; &#8211; 2\u00ba ciclo<\/a> (6\u00baano) <br><a rel=\"noreferrer noopener\" aria-label=\" (opens in a new tab)\" href=\"http:\/\/www.agr1beja.pt\/wp-content\/uploads\/AE-2.ciclo-22-23-comunica\u00e7\u00e3o-digital-5.pdf\" target=\"_blank\">Programa &#8211; Oficina &#8220;Comunica\u00e7\u00e3o Digital&#8221; &#8211; 2\u00ba ciclo<\/a> (5\u00baano)<br><a rel=\"noreferrer noopener\" aria-label=\" (opens in a new tab)\" href=\"http:\/\/www.agr1beja.pt\/wp-content\/uploads\/AE-2.-ciclo-22-23-comunica\u00e7\u00e3o-digital-6.pdf\" target=\"_blank\">Programa &#8211; Oficina &#8220;Comunica\u00e7\u00e3o Digital&#8221; &#8211; 2\u00ba ciclo<\/a> (6\u00baano)<br><a rel=\"noreferrer noopener\" aria-label=\" (opens in a new tab)\" href=\"http:\/\/www.agr1beja.pt\/wp-content\/uploads\/AE-2.-ciclo-22-23-vida-ativa-5.pdf\" target=\"_blank\">Programa &#8211; Oficina &#8220;Vida Ativa&#8221; &#8211; 2\u00ba ciclo<\/a> (5\u00baano)<br><a rel=\"noreferrer noopener\" aria-label=\" (opens in a new tab)\" href=\"http:\/\/www.agr1beja.pt\/wp-content\/uploads\/AE-2.ciclo-22-23-vida-ativa-6.pdf\" target=\"_blank\">Programa &#8211; Oficina &#8220;Vida Ativa&#8221; &#8211; 2\u00ba ciclo<\/a> (6\u00baano)<\/p>\n\n\n\n<p style=\"font-size:19px\"><strong>PCA &#8211; Crit\u00e9rios espec\u00edficos de avalia\u00e7\u00e3o<\/strong> &#8211; Consulte <a rel=\"noreferrer noopener\" aria-label=\"aqui (opens in a new tab)\" href=\"http:\/\/www.agr1beja.pt\/wp-content\/uploads\/criterios_pca.pdf\" target=\"_blank\"><strong>aqui<\/strong><\/a>.<\/p>\n\n\n\n<p style=\"font-size:19px\"><strong>Projeto \u201cConstruindo (In)Forma\u00e7\u00e3o\u201d &#8211; Crit\u00e9rios espec\u00edficos de avalia\u00e7\u00e3o<\/strong> &#8211; Consulte <strong><a href=\"http:\/\/www.agr1beja.pt\/wp-content\/uploads\/Crit\u00e9rios-gerais-e-espec\u00edficos-de-avalia\u00e7\u00e3o_Oficinas_22-23.pdf\" target=\"_blank\" rel=\"noreferrer noopener\" aria-label=\" (opens in a new tab)\">aqui<\/a><\/strong>.<\/p>\n\n\n\n<p style=\"font-size:11px\">\u00daltima atualiza\u00e7\u00e3o: 30\/11\/2022<\/p>\n","protected":false},"excerpt":{"rendered":"<p>Plano de Inova\u00e7\u00e3o \u2013 2021\/2022 | 2022\/2023 &#8211; Consulte aqui. TEIP &#8211; P\u00e1gina do Plano de Inova\u00e7\u00e3o &#8211; Consulte aqui. Organiza\u00e7\u00e3o Curricular de suporte ao Plano de Inova\u00e7\u00e3o &#8211; Consulte aqui. Crit\u00e9rios de Forma\u00e7\u00e3o dos GruposPrograma &#8211; Oficina &#8220;Artes&#8221; &#8211; <a href=\"http:\/\/www.agr1beja.pt\/?page_id=1663\" class=\"read-more\">Ler mais &#8230;<\/a><\/p>\n","protected":false},"author":1,"featured_media":0,"parent":0,"menu_order":0,"comment_status":"closed","ping_status":"closed","template":"","meta":{"cybocfi_hide_featured_image":"","footnotes":""},"_links":{"self":[{"href":"http:\/\/www.agr1beja.pt\/index.php?rest_route=\/wp\/v2\/pages\/1663"}],"collection":[{"href":"http:\/\/www.agr1beja.pt\/index.php?rest_route=\/wp\/v2\/pages"}],"about":[{"href":"http:\/\/www.agr1beja.pt\/index.php?rest_route=\/wp\/v2\/types\/page"}],"author":[{"embeddable":true,"href":"http:\/\/www.agr1beja.pt\/index.php?rest_route=\/wp\/v2\/users\/1"}],"replies":[{"embeddable":true,"href":"http:\/\/www.agr1beja.pt\/index.php?rest_route=%2Fwp%2Fv2%2Fcomments&post=1663"}],"version-history":[{"count":90,"href":"http:\/\/www.agr1beja.pt\/index.php?rest_route=\/wp\/v2\/pages\/1663\/revisions"}],"predecessor-version":[{"id":5373,"href":"http:\/\/www.agr1beja.pt\/index.php?rest_route=\/wp\/v2\/pages\/1663\/revisions\/5373"}],"wp:attachment":[{"href":"http:\/\/www.agr1beja.pt\/index.php?rest_route=%2Fwp%2Fv2%2Fmedia&parent=1663"}],"curies":[{"name":"wp","href":"https:\/\/api.w.org\/{rel}","templated":true}]}}